{"id":13973,"date":"2023-09-28T08:21:55","date_gmt":"2023-09-28T08:21:55","guid":{"rendered":"https:\/\/imatech.artover.fr\/conditions-generales-dutilisation\/"},"modified":"2023-12-04T07:59:42","modified_gmt":"2023-12-04T07:59:42","slug":"conditions-generales-dutilisation","status":"publish","type":"page","link":"https:\/\/imatech-backup.artover.fr\/fr\/conditions-generales-dutilisation\/","title":{"rendered":"Conditions g\u00e9n\u00e9rales d&#8217;utilisation"},"content":{"rendered":"\t\t<div data-elementor-type=\"wp-page\" data-elementor-id=\"13973\" class=\"elementor elementor-13973 elementor-13131\">\n\t\t\t\t<div class=\"elementor-element elementor-element-3f0c0cf e-flex e-con-boxed e-con e-parent\" data-id=\"3f0c0cf\" data-element_type=\"container\" data-core-v316-plus=\"true\">\n\t\t\t\t\t<div class=\"e-con-inner\">\n\t\t<div class=\"elementor-element elementor-element-73f272d e-con-full e-flex e-con e-child\" data-id=\"73f272d\" data-element_type=\"container\">\n\t\t\t\t<div class=\"elementor-element elementor-element-e0532d2 elementor-widget elementor-widget-haru-heading\" data-id=\"e0532d2\" data-element_type=\"widget\" data-widget_type=\"haru-heading.default\">\n\t\t\t\t<div class=\"elementor-widget-container\">\n\t\t\t<h1 class=\"haru-heading-title haru-heading-title--heading-5\">Conditions g\u00e9n\u00e9rales d\u2019utilisation<\/h1>\t\t<\/div>\n\t\t\t\t<\/div>\n\t\t\t\t<div class=\"elementor-element elementor-element-2934fad elementor-widget elementor-widget-text-editor\" data-id=\"2934fad\" data-element_type=\"widget\" data-widget_type=\"text-editor.default\">\n\t\t\t\t<div class=\"elementor-widget-container\">\n\t\t\t<style>\/*! elementor - v3.20.0 - 26-03-2024 *\/\n.elementor-widget-text-editor.elementor-drop-cap-view-stacked .elementor-drop-cap{background-color:#69727d;color:#fff}.elementor-widget-text-editor.elementor-drop-cap-view-framed .elementor-drop-cap{color:#69727d;border:3px solid;background-color:transparent}.elementor-widget-text-editor:not(.elementor-drop-cap-view-default) .elementor-drop-cap{margin-top:8px}.elementor-widget-text-editor:not(.elementor-drop-cap-view-default) .elementor-drop-cap-letter{width:1em;height:1em}.elementor-widget-text-editor .elementor-drop-cap{float:left;text-align:center;line-height:1;font-size:50px}.elementor-widget-text-editor .elementor-drop-cap-letter{display:inline-block}<\/style>\t\t\t\t<p>Les pr\u00e9sentes conditions g\u00e9n\u00e9rales d\u00e9finissent les r\u00e8gles d&#8217;utilisation du site Internet d&#8217;IMATECH, situ\u00e9 \u00e0 l&#8217;adresse https:\/\/imatech.mu.<\/p>\n<p>En acc\u00e9dant \u00e0 ce site web, nous supposons que vous acceptez ces termes et conditions. Ne continuez pas \u00e0 utiliser IMATECH si vous n&#8217;acceptez pas tous les termes et conditions \u00e9nonc\u00e9s sur cette page.<\/p>\n<p>La terminologie suivante s&#8217;applique aux pr\u00e9sentes conditions g\u00e9n\u00e9rales, \u00e0 la d\u00e9claration de confidentialit\u00e9, \u00e0 l&#8217;avis de non-responsabilit\u00e9 et \u00e0 tous les accords : &#8220;Client&#8221;, &#8220;Vous&#8221; et &#8220;Votre&#8221; se r\u00e9f\u00e8rent \u00e0 vous, la personne qui se connecte \u00e0 ce site web et qui se conforme aux termes et conditions de la Soci\u00e9t\u00e9. Les termes &#8220;l&#8217;entreprise&#8221;, &#8220;nous-m\u00eames&#8221;, &#8220;nous&#8221;, &#8220;notre&#8221; et &#8220;nos&#8221; d\u00e9signent notre entreprise. Les termes &#8220;partie&#8221;, &#8220;parties&#8221; ou &#8220;nous&#8221; d\u00e9signent \u00e0 la fois le client et nous-m\u00eames. Tous les termes se r\u00e9f\u00e8rent \u00e0 l&#8217;offre, \u00e0 l&#8217;acceptation et \u00e0 la consid\u00e9ration du paiement n\u00e9cessaire pour entreprendre le processus de notre assistance au client de la mani\u00e8re la plus appropri\u00e9e dans le but expr\u00e8s de r\u00e9pondre aux besoins du client en ce qui concerne la fourniture des services indiqu\u00e9s par la Soci\u00e9t\u00e9, conform\u00e9ment et sous r\u00e9serve de la loi mu en vigueur. Toute utilisation de la terminologie ci-dessus ou d&#8217;autres mots au singulier, au pluriel, avec une majuscule et\/ou il\/elle ou ils\/elles, est consid\u00e9r\u00e9e comme interchangeable et se r\u00e9f\u00e8re donc \u00e0 la m\u00eame chose.<\/p>\n<h3><strong>Cookies<\/strong><\/h3>\n<p>Nous utilisons des cookies. En acc\u00e9dant \u00e0 IMATECH, vous acceptez d&#8217;utiliser des cookies conform\u00e9ment \u00e0 la politique de confidentialit\u00e9 d&#8217;IMATECH.<\/p>\n<p>La plupart des sites web interactifs utilisent des cookies pour nous permettre de r\u00e9cup\u00e9rer les d\u00e9tails de l&#8217;utilisateur \u00e0 chaque visite. Les cookies sont utilis\u00e9s par notre site web pour permettre la fonctionnalit\u00e9 de certaines zones afin de faciliter la t\u00e2che des personnes qui visitent notre site web. Certains de nos partenaires affili\u00e9s\/publicitaires peuvent \u00e9galement utiliser des cookies.<\/p>\n<h3><strong>Licence<\/strong><\/h3>\n<p>Sauf indication contraire, IMATECH et\/ou ses conc\u00e9dants de licence d\u00e9tiennent les droits de propri\u00e9t\u00e9 intellectuelle pour l&#8217;ensemble du contenu d&#8217;IMATECH. Tous les droits de propri\u00e9t\u00e9 intellectuelle sont r\u00e9serv\u00e9s. Vous pouvez y acc\u00e9der \u00e0 partir d&#8217;IMATECH pour votre usage personnel, sous r\u00e9serve des restrictions \u00e9nonc\u00e9es dans les pr\u00e9sentes conditions g\u00e9n\u00e9rales.<\/p>\n<p>Vous ne devez pas :<\/p>\n<ul>\n<li>Reproduction de documents d&#8217;IMATECH<\/li>\n<li>Vendre, louer ou accorder des sous-licences pour le mat\u00e9riel d&#8217;IMATECH<\/li>\n<li>Reproduire, dupliquer ou copier le mat\u00e9riel d&#8217;IMATECH<\/li>\n<li>Redistribuer le contenu d&#8217;IMATECH<\/li>\n<\/ul>\n<p>Le pr\u00e9sent accord prend effet \u00e0 sa date. Nos conditions g\u00e9n\u00e9rales ont \u00e9t\u00e9 cr\u00e9\u00e9es avec l&#8217;aide du <a href=\"https:\/\/www.termsandconditionsgenerator.com\/\">g\u00e9n\u00e9rateur gratuit de conditions g\u00e9n\u00e9rales<\/a>.<\/p>\n<p>Certaines parties de ce site web offrent aux utilisateurs la possibilit\u00e9 de publier et d&#8217;\u00e9changer des opinions et des informations dans certaines zones du site. IMATECH ne filtre pas, n&#8217;\u00e9dite pas, ne publie pas et ne r\u00e9vise pas les commentaires avant leur pr\u00e9sence sur le site web. Les commentaires ne refl\u00e8tent pas les points de vue et les opinions d&#8217;IMATECH, de ses agents et\/ou de ses affili\u00e9s. Les commentaires refl\u00e8tent les points de vue et les opinions de la personne qui les a publi\u00e9s. Dans la mesure permise par les lois applicables, IMATECH n&#8217;est pas responsable des commentaires ni des responsabilit\u00e9s, dommages ou d\u00e9penses caus\u00e9s et\/ou subis \u00e0 la suite de l&#8217;utilisation et\/ou de la publication et\/ou de l&#8217;apparition des commentaires sur ce site web.<\/p>\n<p>IMATECH se r\u00e9serve le droit de contr\u00f4ler tous les commentaires et de supprimer tout commentaire pouvant \u00eatre consid\u00e9r\u00e9 comme inappropri\u00e9, offensant ou constituant une violation des pr\u00e9sentes conditions g\u00e9n\u00e9rales.<\/p>\n<p>Vous garantissez et d\u00e9clarez que<\/p>\n<ul>\n<li>Vous \u00eates autoris\u00e9 \u00e0 publier les commentaires sur notre site web et disposez de toutes les licences et autorisations n\u00e9cessaires pour ce faire ;<\/li>\n<li>Les commentaires ne portent atteinte \u00e0 aucun droit de propri\u00e9t\u00e9 intellectuelle, y compris, mais sans s&#8217;y limiter, les droits d&#8217;auteur, les brevets ou les marques d\u00e9pos\u00e9es d&#8217;un tiers ;<\/li>\n<li>Les commentaires ne contiennent pas d&#8217;\u00e9l\u00e9ments diffamatoires, offensants, ind\u00e9cents ou ill\u00e9gaux portant atteinte \u00e0 la vie priv\u00e9e.<\/li>\n<li>Les commentaires ne seront pas utilis\u00e9s pour solliciter ou promouvoir des affaires ou des coutumes, ni pour pr\u00e9senter des activit\u00e9s commerciales ou des activit\u00e9s ill\u00e9gales.<\/li>\n<\/ul>\n<p>Par la pr\u00e9sente, vous accordez \u00e0 IMATECH une licence non exclusive pour utiliser, reproduire, \u00e9diter et autoriser d&#8217;autres personnes \u00e0 utiliser, reproduire et \u00e9diter vos commentaires sous toutes les formes, formats ou m\u00e9dias.<\/p>\n<h3><strong>Hyperliens vers notre contenu<\/strong><\/h3>\n<p>Les organisations suivantes peuvent \u00e9tablir un lien avec notre site web sans autorisation \u00e9crite pr\u00e9alable :<\/p>\n<ul>\n<li>Agences gouvernementales ;<\/li>\n<li>Moteurs de recherche ;<\/li>\n<li>Organisations de presse ;<\/li>\n<li>Les distributeurs d&#8217;annuaires en ligne peuvent \u00e9tablir des liens vers notre site web de la m\u00eame mani\u00e8re qu&#8217;ils \u00e9tablissent des liens hypertextes vers les sites web d&#8217;autres entreprises r\u00e9pertori\u00e9es ; et<\/li>\n<li>Les entreprises accr\u00e9dit\u00e9es \u00e0 l&#8217;\u00e9chelle du syst\u00e8me, \u00e0 l&#8217;exception des organisations \u00e0 but non lucratif, des centres commerciaux caritatifs et des groupes de collecte de fonds caritatifs qui ne peuvent pas cr\u00e9er d&#8217;hyperliens vers notre site Web.  <\/li>\n<\/ul>\n<p>Ces organisations peuvent \u00e9tablir un lien avec notre page d&#8217;accueil, nos publications ou d&#8217;autres informations du site Web, \u00e0 condition que le lien soit \u00e9tabli : (a) n&#8217;est en aucune fa\u00e7on trompeuse ; (b) n&#8217;implique pas faussement le parrainage, l&#8217;approbation ou le soutien de la partie qui \u00e9tablit le lien et de ses produits et\/ou services ; et (c) s&#8217;inscrit dans le contexte du site de la partie qui \u00e9tablit le lien.<\/p>\n<p>Nous pouvons prendre en consid\u00e9ration et approuver d&#8217;autres demandes de liens \u00e9manant des types d&#8217;organisations suivants :<\/p>\n<ul>\n<li>des sources d&#8217;information connues des consommateurs et\/ou des entreprises ;<\/li>\n<li>les sites communautaires dot.com ;<\/li>\n<li>les associations ou autres groupes repr\u00e9sentant les organisations caritatives ;<\/li>\n<li>distributeurs d&#8217;annuaires en ligne ;<\/li>\n<li>les portails internet ;<\/li>\n<li>les cabinets d&#8217;experts-comptables, d&#8217;avocats et de consultants ; et<\/li>\n<li>les \u00e9tablissements d&#8217;enseignement et les associations professionnelles.<\/li>\n<\/ul>\n<p>Nous approuverons les demandes de liens \u00e9manant de ces organisations si nous le d\u00e9cidons : (a) le lien ne nous donne pas une image d\u00e9favorable de nous-m\u00eames ou de nos entreprises accr\u00e9dit\u00e9es ; (b) l&#8217;organisation n&#8217;a pas d&#8217;ant\u00e9c\u00e9dents n\u00e9gatifs aupr\u00e8s de nous ; (c) l&#8217;avantage que nous tirons de la visibilit\u00e9 de l&#8217;hyperlien compense l&#8217;absence d&#8217;IMATECH ; et (d) le lien se situe dans le contexte d&#8217;informations g\u00e9n\u00e9rales sur les ressources.<\/p>\n<p>Ces organisations peuvent \u00e9tablir un lien avec notre page d&#8217;accueil, \u00e0 condition que ce lien.. : (a) n&#8217;est en aucune fa\u00e7on trompeuse ; (b) n&#8217;implique pas faussement le parrainage, l&#8217;approbation ou le soutien de la partie qui \u00e9tablit le lien et de ses produits ou services ; et (c) s&#8217;inscrit dans le contexte du site de la partie qui \u00e9tablit le lien.<\/p>\n<p>Si vous \u00eates l&#8217;une des organisations \u00e9num\u00e9r\u00e9es au paragraphe 2 ci-dessus et que vous souhaitez \u00e9tablir un lien avec notre site web, vous devez nous en informer en envoyant un courrier \u00e9lectronique \u00e0 IMATECH. Veuillez indiquer votre nom, le nom de votre organisation, vos coordonn\u00e9es ainsi que l&#8217;URL de votre site, une liste des URL \u00e0 partir desquels vous avez l&#8217;intention de cr\u00e9er un lien vers notre site web et une liste des URL de notre site vers lesquels vous aimeriez cr\u00e9er un lien. Attendez 2 \u00e0 3 semaines pour obtenir une r\u00e9ponse.<\/p>\n<p>Les organisations agr\u00e9\u00e9es peuvent cr\u00e9er des liens hypertextes vers notre site web de la mani\u00e8re suivante :<\/p>\n<ul>\n<li>par l&#8217;utilisation de notre raison sociale ; ou<\/li>\n<li>par l&#8217;utilisation du localisateur de ressources uniformes vers lequel le lien est \u00e9tabli ; ou<\/li>\n<li>par l&#8217;utilisation de toute autre description de notre site web qui a du sens dans le contexte et le format du contenu du site de la partie qui \u00e9tablit le lien.<\/li>\n<\/ul>\n<p>Aucune utilisation du logo d&#8217;IMATECH ou d&#8217;autres illustrations ne sera autoris\u00e9e pour l&#8217;\u00e9tablissement de liens en l&#8217;absence d&#8217;un accord de licence de marque.<\/p>\n<h3><strong>iFrames<\/strong><\/h3>\n<p>Sans accord pr\u00e9alable et autorisation \u00e9crite, vous ne pouvez pas cr\u00e9er de cadres autour de nos pages web qui modifient de quelque mani\u00e8re que ce soit la pr\u00e9sentation visuelle ou l&#8217;apparence de notre site web.<\/p>\n<h3><strong>Responsabilit\u00e9 du contenu<\/strong><\/h3>\n<p>Nous ne pouvons \u00eatre tenus responsables de tout contenu apparaissant sur votre site web. Vous acceptez de nous prot\u00e9ger et de nous d\u00e9fendre contre toute r\u00e9clamation qui s&#8217;\u00e9l\u00e8verait sur votre site web. Aucun lien ne doit appara\u00eetre sur un site web qui pourrait \u00eatre interpr\u00e9t\u00e9 comme diffamatoire, obsc\u00e8ne ou criminel, ou qui enfreint, viole d&#8217;une autre mani\u00e8re ou pr\u00e9conise l&#8217;enfreinte ou une autre violation des droits d&#8217;un tiers.<\/p>\n<h3><strong>R\u00e9serve de droits<\/strong><\/h3>\n<p>Nous nous r\u00e9servons le droit de vous demander de supprimer tous les liens ou un lien particulier vers notre site web. Vous acceptez de supprimer imm\u00e9diatement tous les liens vers notre site web sur demande. Nous nous r\u00e9servons \u00e9galement le droit de modifier \u00e0 tout moment les pr\u00e9sentes conditions et la politique de liens. En \u00e9tablissant un lien permanent avec notre site web, vous acceptez d&#8217;\u00eatre li\u00e9 par les pr\u00e9sentes conditions g\u00e9n\u00e9rales d&#8217;utilisation des liens et de les respecter.<\/p>\n<h3><strong>Suppression de liens sur notre site web<\/strong><\/h3>\n<p>Si vous trouvez un lien sur notre site web qui est offensant pour quelque raison que ce soit, vous \u00eates libre de nous contacter et de nous en informer \u00e0 tout moment. Nous examinerons les demandes de suppression de liens, mais nous ne sommes pas oblig\u00e9s de le faire ou de vous r\u00e9pondre directement.<\/p>\n<p>Nous ne garantissons pas l&#8217;exactitude des informations contenues dans ce site, ni leur exhaustivit\u00e9 ou leur pr\u00e9cision ; nous ne promettons pas non plus de garantir que le site reste disponible ou que le mat\u00e9riel qu&#8217;il contient soit tenu \u00e0 jour.<\/p>\n<h3><strong>Clause de non-responsabilit\u00e9<\/strong><\/h3>\n<p>Dans toute la mesure permise par la loi applicable, nous excluons toutes les repr\u00e9sentations, garanties et conditions relatives \u00e0 notre site web et \u00e0 son utilisation. Aucune disposition de la pr\u00e9sente clause de non-responsabilit\u00e9 n&#8217;est applicable :<\/p>\n<ul>\n<li>limiter ou exclure notre ou votre responsabilit\u00e9 en cas de d\u00e9c\u00e8s ou de dommages corporels ;<\/li>\n<li>limiter ou exclure notre ou votre responsabilit\u00e9 en cas de fraude ou de d\u00e9claration frauduleuse ;<\/li>\n<li>limiter l&#8217;une quelconque de nos ou de vos responsabilit\u00e9s d&#8217;une mani\u00e8re qui ne serait pas autoris\u00e9e par le droit applicable ; ou<\/li>\n<li>exclure toute responsabilit\u00e9 de notre ou de votre part qui ne peut \u00eatre exclue en vertu du droit applicable.<\/li>\n<\/ul>\n<p>Les limitations et interdictions de responsabilit\u00e9 \u00e9nonc\u00e9es dans la pr\u00e9sente section et ailleurs dans la pr\u00e9sente clause de non-responsabilit\u00e9 : (a) sont soumis au paragraphe pr\u00e9c\u00e9dent ; et (b) r\u00e9gissent toutes les responsabilit\u00e9s d\u00e9coulant de la clause de non-responsabilit\u00e9, y compris les responsabilit\u00e9s contractuelles, d\u00e9lictuelles et en cas de violation d&#8217;une obligation l\u00e9gale.<\/p>\n<p>Tant que le site web et les informations et services qu&#8217;il contient sont fournis gratuitement, nous ne sommes pas responsables des pertes ou dommages de quelque nature que ce soit.<\/p>\n\t\t\t\t\t\t<\/div>\n\t\t\t\t<\/div>\n\t\t\t\t<\/div>\n\t\t\t\t\t<\/div>\n\t\t\t\t<\/div>\n\t\t\t\t<\/div>\n\t\t","protected":false},"excerpt":{"rendered":"<p>Conditions g\u00e9n\u00e9rales d\u2019utilisation Les pr\u00e9sentes conditions g\u00e9n\u00e9rales d\u00e9finissent les r\u00e8gles d&#8217;utilisation du site Internet d&#8217;IMATECH, situ\u00e9 \u00e0 l&#8217;adresse https:\/\/imatech.mu. En acc\u00e9dant \u00e0 ce site web, nous supposons que vous acceptez ces termes et conditions. Ne continuez pas \u00e0 utiliser IMATECH si vous n&#8217;acceptez pas tous les termes et conditions \u00e9nonc\u00e9s sur cette page. La terminologie [&hellip;]<\/p>\n","protected":false},"author":1,"featured_media":0,"parent":0,"menu_order":0,"comment_status":"closed","ping_status":"closed","template":"","meta":{"footnotes":""},"class_list":["post-13973","page","type-page","status-publish","hentry"],"_links":{"self":[{"href":"https:\/\/imatech-backup.artover.fr\/fr\/wp-json\/wp\/v2\/pages\/13973","targetHints":{"allow":["GET"]}}],"collection":[{"href":"https:\/\/imatech-backup.artover.fr\/fr\/wp-json\/wp\/v2\/pages"}],"about":[{"href":"https:\/\/imatech-backup.artover.fr\/fr\/wp-json\/wp\/v2\/types\/page"}],"author":[{"embeddable":true,"href":"https:\/\/imatech-backup.artover.fr\/fr\/wp-json\/wp\/v2\/users\/1"}],"replies":[{"embeddable":true,"href":"https:\/\/imatech-backup.artover.fr\/fr\/wp-json\/wp\/v2\/comments?post=13973"}],"version-history":[{"count":4,"href":"https:\/\/imatech-backup.artover.fr\/fr\/wp-json\/wp\/v2\/pages\/13973\/revisions"}],"predecessor-version":[{"id":14010,"href":"https:\/\/imatech-backup.artover.fr\/fr\/wp-json\/wp\/v2\/pages\/13973\/revisions\/14010"}],"wp:attachment":[{"href":"https:\/\/imatech-backup.artover.fr\/fr\/wp-json\/wp\/v2\/media?parent=13973"}],"curies":[{"name":"wp","href":"https:\/\/api.w.org\/{rel}","templated":true}]}}