{"id":13891,"date":"2023-09-17T17:07:50","date_gmt":"2023-09-17T17:07:50","guid":{"rendered":"https:\/\/imatech.artover.fr\/printing\/impression-de-brochures\/"},"modified":"2023-12-04T07:14:41","modified_gmt":"2023-12-04T07:14:41","slug":"impression-de-brochures","status":"publish","type":"product","link":"https:\/\/imatech-backup.artover.fr\/fr\/printing\/impression-de-brochures\/","title":{"rendered":"Brochures"},"content":{"rendered":"\t\t<div data-elementor-type=\"wp-post\" data-elementor-id=\"13891\" class=\"elementor elementor-13891 elementor-12864\">\n\t\t\t\t<div class=\"elementor-element elementor-element-098e4e0 e-flex e-con-boxed e-con e-parent\" data-id=\"098e4e0\" data-element_type=\"container\" data-core-v316-plus=\"true\">\n\t\t\t\t\t<div class=\"e-con-inner\">\n\t\t<div class=\"elementor-element elementor-element-a125b3a e-con-full e-flex e-con e-child\" data-id=\"a125b3a\" data-element_type=\"container\">\n\t\t\t\t<div class=\"elementor-element elementor-element-8f9aa9f elementor-widget elementor-widget-heading\" data-id=\"8f9aa9f\" data-element_type=\"widget\" data-widget_type=\"heading.default\">\n\t\t\t\t<div class=\"elementor-widget-container\">\n\t\t\t<style>\/*! elementor - v3.20.0 - 26-03-2024 *\/\n.elementor-heading-title{padding:0;margin:0;line-height:1}.elementor-widget-heading .elementor-heading-title[class*=elementor-size-]>a{color:inherit;font-size:inherit;line-height:inherit}.elementor-widget-heading .elementor-heading-title.elementor-size-small{font-size:15px}.elementor-widget-heading .elementor-heading-title.elementor-size-medium{font-size:19px}.elementor-widget-heading .elementor-heading-title.elementor-size-large{font-size:29px}.elementor-widget-heading .elementor-heading-title.elementor-size-xl{font-size:39px}.elementor-widget-heading .elementor-heading-title.elementor-size-xxl{font-size:59px}<\/style><h2 class=\"elementor-heading-title elementor-size-default\">Racontez l'histoire de votre entreprise gr\u00e2ce \u00e0 l'impression de brochures professionnelles<\/h2>\t\t<\/div>\n\t\t\t\t<\/div>\n\t\t\t\t<div class=\"elementor-element elementor-element-7d90a44 elementor-icon-list--layout-traditional elementor-list-item-link-full_width elementor-widget elementor-widget-icon-list\" data-id=\"7d90a44\" data-element_type=\"widget\" data-widget_type=\"icon-list.default\">\n\t\t\t\t<div class=\"elementor-widget-container\">\n\t\t\t<link rel=\"stylesheet\" href=\"https:\/\/imatech-backup.artover.fr\/wp-content\/plugins\/elementor\/assets\/css\/widget-icon-list.min.css\">\t\t<ul class=\"elementor-icon-list-items\">\n\t\t\t\t\t\t\t<li class=\"elementor-icon-list-item\">\n\t\t\t\t\t\t\t\t\t\t\t<span class=\"elementor-icon-list-icon\">\n\t\t\t\t\t\t\t<i aria-hidden=\"true\" class=\"fas fa-check\"><\/i>\t\t\t\t\t\t<\/span>\n\t\t\t\t\t\t\t\t\t\t<span class=\"elementor-icon-list-text\">Livr\u00e9 pr\u00e9-pli\u00e9 et pr\u00eat \u00e0 l'emploi<\/span>\n\t\t\t\t\t\t\t\t\t<\/li>\n\t\t\t\t\t\t\t\t<li class=\"elementor-icon-list-item\">\n\t\t\t\t\t\t\t\t\t\t\t<span class=\"elementor-icon-list-icon\">\n\t\t\t\t\t\t\t<i aria-hidden=\"true\" class=\"fas fa-check\"><\/i>\t\t\t\t\t\t<\/span>\n\t\t\t\t\t\t\t\t\t\t<span class=\"elementor-icon-list-text\">Produit certifi\u00e9 FSC\u00ae : Fabriqu\u00e9 \u00e0 partir de mat\u00e9riaux issus de for\u00eats g\u00e9r\u00e9es de mani\u00e8re responsable<\/span>\n\t\t\t\t\t\t\t\t\t<\/li>\n\t\t\t\t\t\t<\/ul>\n\t\t\t\t<\/div>\n\t\t\t\t<\/div>\n\t\t\t\t<div class=\"elementor-element elementor-element-20cd33e elementor-widget elementor-widget-heading\" data-id=\"20cd33e\" data-element_type=\"widget\" data-widget_type=\"heading.default\">\n\t\t\t\t<div class=\"elementor-widget-container\">\n\t\t\t<h3 class=\"elementor-heading-title elementor-size-default\">Personnalis\u00e9 et rempli de contenu de valeur<\/h3>\t\t<\/div>\n\t\t\t\t<\/div>\n\t\t\t\t<div class=\"elementor-element elementor-element-8f28a2c elementor-widget elementor-widget-text-editor\" data-id=\"8f28a2c\" data-element_type=\"widget\" data-widget_type=\"text-editor.default\">\n\t\t\t\t<div class=\"elementor-widget-container\">\n\t\t\t<style>\/*! elementor - v3.20.0 - 26-03-2024 *\/\n.elementor-widget-text-editor.elementor-drop-cap-view-stacked .elementor-drop-cap{background-color:#69727d;color:#fff}.elementor-widget-text-editor.elementor-drop-cap-view-framed .elementor-drop-cap{color:#69727d;border:3px solid;background-color:transparent}.elementor-widget-text-editor:not(.elementor-drop-cap-view-default) .elementor-drop-cap{margin-top:8px}.elementor-widget-text-editor:not(.elementor-drop-cap-view-default) .elementor-drop-cap-letter{width:1em;height:1em}.elementor-widget-text-editor .elementor-drop-cap{float:left;text-align:center;line-height:1;font-size:50px}.elementor-widget-text-editor .elementor-drop-cap-letter{display:inline-block}<\/style>\t\t\t\t<p>Nous comprenons que vous avez une multitude d&#8217;informations \u00e0 transmettre sur votre entreprise. Les brochures pli\u00e9es offrent la plateforme id\u00e9ale pour pr\u00e9senter chaque d\u00e9tail dans une mise en page soign\u00e9e et concise. Ces documents con\u00e7us par des professionnels sont non seulement rentables, mais ils constituent \u00e9galement un excellent choix pour la distribution par courrier ou en personne afin de promouvoir votre marque.  <\/p>\n\t\t\t\t\t\t<\/div>\n\t\t\t\t<\/div>\n\t\t\t\t<\/div>\n\t\t<div class=\"elementor-element elementor-element-f5a0ea2 e-con-full e-flex e-con e-child\" data-id=\"f5a0ea2\" data-element_type=\"container\">\n\t\t<div class=\"elementor-element elementor-element-511c4a7 e-flex e-con-boxed e-con e-child\" data-id=\"511c4a7\" data-element_type=\"container\">\n\t\t\t\t\t<div class=\"e-con-inner\">\n\t\t<div class=\"elementor-element elementor-element-66b383e e-flex e-con-boxed e-con e-child\" data-id=\"66b383e\" data-element_type=\"container\">\n\t\t\t\t\t<div class=\"e-con-inner\">\n\t\t\t\t<div class=\"elementor-element elementor-element-102593e elementor-widget elementor-widget-image\" data-id=\"102593e\" data-element_type=\"widget\" data-widget_type=\"image.default\">\n\t\t\t\t<div class=\"elementor-widget-container\">\n\t\t\t<style>\/*! elementor - v3.20.0 - 26-03-2024 *\/\n.elementor-widget-image{text-align:center}.elementor-widget-image a{display:inline-block}.elementor-widget-image a img[src$=\".svg\"]{width:48px}.elementor-widget-image img{vertical-align:middle;display:inline-block}<\/style>\t\t\t\t\t\t\t\t\t\t<img decoding=\"async\" width=\"180\" height=\"245\" src=\"https:\/\/imatech-backup.artover.fr\/wp-content\/uploads\/2023\/09\/no-fold.jpg\" class=\"attachment-large size-large wp-image-13507\" alt=\"\" \/>\t\t\t\t\t\t\t\t\t\t\t\t\t<\/div>\n\t\t\t\t<\/div>\n\t\t\t\t<div class=\"elementor-element elementor-element-7c15d64 elementor-widget elementor-widget-heading\" data-id=\"7c15d64\" data-element_type=\"widget\" data-widget_type=\"heading.default\">\n\t\t\t\t<div class=\"elementor-widget-container\">\n\t\t\t<h4 class=\"elementor-heading-title elementor-size-default\">Pas de pli<\/h4>\t\t<\/div>\n\t\t\t\t<\/div>\n\t\t\t\t\t<\/div>\n\t\t\t\t<\/div>\n\t\t<div class=\"elementor-element elementor-element-a45d1f4 e-flex e-con-boxed e-con e-child\" data-id=\"a45d1f4\" data-element_type=\"container\">\n\t\t\t\t\t<div class=\"e-con-inner\">\n\t\t\t\t<div class=\"elementor-element elementor-element-4325c11 elementor-widget elementor-widget-image\" data-id=\"4325c11\" data-element_type=\"widget\" data-widget_type=\"image.default\">\n\t\t\t\t<div class=\"elementor-widget-container\">\n\t\t\t\t\t\t\t\t\t\t\t\t\t<img decoding=\"async\" width=\"180\" height=\"245\" src=\"https:\/\/imatech-backup.artover.fr\/wp-content\/uploads\/2023\/09\/bi-fold.jpg\" class=\"attachment-large size-large wp-image-13508\" alt=\"\" \/>\t\t\t\t\t\t\t\t\t\t\t\t\t<\/div>\n\t\t\t\t<\/div>\n\t\t\t\t<div class=\"elementor-element elementor-element-27709f7 elementor-widget elementor-widget-heading\" data-id=\"27709f7\" data-element_type=\"widget\" data-widget_type=\"heading.default\">\n\t\t\t\t<div class=\"elementor-widget-container\">\n\t\t\t<h4 class=\"elementor-heading-title elementor-size-default\">En Deux Volets<\/h4>\t\t<\/div>\n\t\t\t\t<\/div>\n\t\t\t\t\t<\/div>\n\t\t\t\t<\/div>\n\t\t<div class=\"elementor-element elementor-element-acc1cc6 e-flex e-con-boxed e-con e-child\" data-id=\"acc1cc6\" data-element_type=\"container\">\n\t\t\t\t\t<div class=\"e-con-inner\">\n\t\t\t\t<div class=\"elementor-element elementor-element-e9bef49 elementor-widget elementor-widget-image\" data-id=\"e9bef49\" data-element_type=\"widget\" data-widget_type=\"image.default\">\n\t\t\t\t<div class=\"elementor-widget-container\">\n\t\t\t\t\t\t\t\t\t\t\t\t\t<img decoding=\"async\" width=\"180\" height=\"245\" src=\"https:\/\/imatech-backup.artover.fr\/wp-content\/uploads\/2023\/09\/tri-fold.jpg\" class=\"attachment-large size-large wp-image-13509\" alt=\"\" \/>\t\t\t\t\t\t\t\t\t\t\t\t\t<\/div>\n\t\t\t\t<\/div>\n\t\t\t\t<div class=\"elementor-element elementor-element-20435b2 elementor-widget elementor-widget-heading\" data-id=\"20435b2\" data-element_type=\"widget\" data-widget_type=\"heading.default\">\n\t\t\t\t<div class=\"elementor-widget-container\">\n\t\t\t<h4 class=\"elementor-heading-title elementor-size-default\">En Trois Volets<\/h4>\t\t<\/div>\n\t\t\t\t<\/div>\n\t\t\t\t\t<\/div>\n\t\t\t\t<\/div>\n\t\t\t\t\t<\/div>\n\t\t\t\t<\/div>\n\t\t<div class=\"elementor-element elementor-element-486d711 e-flex e-con-boxed e-con e-child\" data-id=\"486d711\" data-element_type=\"container\">\n\t\t\t\t\t<div class=\"e-con-inner\">\n\t\t<div class=\"elementor-element elementor-element-9d3817d e-flex e-con-boxed e-con e-child\" data-id=\"9d3817d\" data-element_type=\"container\">\n\t\t\t\t\t<div class=\"e-con-inner\">\n\t\t\t\t<div class=\"elementor-element elementor-element-911c528 elementor-widget elementor-widget-image\" data-id=\"911c528\" data-element_type=\"widget\" data-widget_type=\"image.default\">\n\t\t\t\t<div class=\"elementor-widget-container\">\n\t\t\t\t\t\t\t\t\t\t\t\t\t<img loading=\"lazy\" decoding=\"async\" width=\"180\" height=\"245\" src=\"https:\/\/imatech-backup.artover.fr\/wp-content\/uploads\/2023\/09\/accordion-fold.jpg\" class=\"attachment-large size-large wp-image-13510\" alt=\"\" \/>\t\t\t\t\t\t\t\t\t\t\t\t\t<\/div>\n\t\t\t\t<\/div>\n\t\t\t\t<div class=\"elementor-element elementor-element-e4c9d2b elementor-widget elementor-widget-heading\" data-id=\"e4c9d2b\" data-element_type=\"widget\" data-widget_type=\"heading.default\">\n\t\t\t\t<div class=\"elementor-widget-container\">\n\t\t\t<h4 class=\"elementor-heading-title elementor-size-default\">Pli en accord\u00e9on<\/h4>\t\t<\/div>\n\t\t\t\t<\/div>\n\t\t\t\t\t<\/div>\n\t\t\t\t<\/div>\n\t\t<div class=\"elementor-element elementor-element-08b41cd e-flex e-con-boxed e-con e-child\" data-id=\"08b41cd\" data-element_type=\"container\">\n\t\t\t\t\t<div class=\"e-con-inner\">\n\t\t\t\t<div class=\"elementor-element elementor-element-84c539b elementor-widget elementor-widget-image\" data-id=\"84c539b\" data-element_type=\"widget\" data-widget_type=\"image.default\">\n\t\t\t\t<div class=\"elementor-widget-container\">\n\t\t\t\t\t\t\t\t\t\t\t\t\t<img loading=\"lazy\" decoding=\"async\" width=\"180\" height=\"245\" src=\"https:\/\/imatech-backup.artover.fr\/wp-content\/uploads\/2023\/09\/barrel-fold.jpg\" class=\"attachment-large size-large wp-image-13511\" alt=\"\" \/>\t\t\t\t\t\t\t\t\t\t\t\t\t<\/div>\n\t\t\t\t<\/div>\n\t\t\t\t<div class=\"elementor-element elementor-element-e2a525a elementor-widget elementor-widget-heading\" data-id=\"e2a525a\" data-element_type=\"widget\" data-widget_type=\"heading.default\">\n\t\t\t\t<div class=\"elementor-widget-container\">\n\t\t\t<h4 class=\"elementor-heading-title elementor-size-default\">Pli en Baril<\/h4>\t\t<\/div>\n\t\t\t\t<\/div>\n\t\t\t\t\t<\/div>\n\t\t\t\t<\/div>\n\t\t<div class=\"elementor-element elementor-element-77ebf15 e-flex e-con-boxed e-con e-child\" data-id=\"77ebf15\" data-element_type=\"container\">\n\t\t\t\t\t<div class=\"e-con-inner\">\n\t\t\t\t<div class=\"elementor-element elementor-element-c0aa55e elementor-widget elementor-widget-image\" data-id=\"c0aa55e\" data-element_type=\"widget\" data-widget_type=\"image.default\">\n\t\t\t\t<div class=\"elementor-widget-container\">\n\t\t\t\t\t\t\t\t\t\t\t\t\t<img loading=\"lazy\" decoding=\"async\" width=\"180\" height=\"245\" src=\"https:\/\/imatech-backup.artover.fr\/wp-content\/uploads\/2023\/09\/z-fold.jpg\" class=\"attachment-large size-large wp-image-13512\" alt=\"\" \/>\t\t\t\t\t\t\t\t\t\t\t\t\t<\/div>\n\t\t\t\t<\/div>\n\t\t\t\t<div class=\"elementor-element elementor-element-17e89da elementor-widget elementor-widget-heading\" data-id=\"17e89da\" data-element_type=\"widget\" data-widget_type=\"heading.default\">\n\t\t\t\t<div class=\"elementor-widget-container\">\n\t\t\t<h4 class=\"elementor-heading-title elementor-size-default\">Pli en Z<\/h4>\t\t<\/div>\n\t\t\t\t<\/div>\n\t\t\t\t\t<\/div>\n\t\t\t\t<\/div>\n\t\t\t\t\t<\/div>\n\t\t\t\t<\/div>\n\t\t\t\t<\/div>\n\t\t\t\t\t<\/div>\n\t\t\t\t<\/div>\n\t\t<div class=\"elementor-element elementor-element-bf18f72 e-flex e-con-boxed e-con e-parent\" data-id=\"bf18f72\" data-element_type=\"container\" data-core-v316-plus=\"true\">\n\t\t\t\t\t<div class=\"e-con-inner\">\n\t\t\t\t<div class=\"elementor-element elementor-element-1e1c7d9 elementor-widget elementor-widget-heading\" data-id=\"1e1c7d9\" data-element_type=\"widget\" data-widget_type=\"heading.default\">\n\t\t\t\t<div class=\"elementor-widget-container\">\n\t\t\t<h2 class=\"elementor-heading-title elementor-size-default\">Sp\u00e9cifications des produits<\/h2>\t\t<\/div>\n\t\t\t\t<\/div>\n\t\t<div class=\"elementor-element elementor-element-1ed972b e-flex e-con-boxed e-con e-child\" data-id=\"1ed972b\" data-element_type=\"container\">\n\t\t\t\t\t<div class=\"e-con-inner\">\n\t\t<div class=\"elementor-element elementor-element-623148d e-con-full e-flex e-con e-child\" data-id=\"623148d\" data-element_type=\"container\">\n\t\t\t\t<div class=\"elementor-element elementor-element-a3efeb0 elementor-widget elementor-widget-image\" data-id=\"a3efeb0\" data-element_type=\"widget\" data-widget_type=\"image.default\">\n\t\t\t\t<div class=\"elementor-widget-container\">\n\t\t\t\t\t\t\t\t\t\t\t\t\t<img loading=\"lazy\" decoding=\"async\" width=\"1024\" height=\"698\" src=\"https:\/\/imatech-backup.artover.fr\/wp-content\/uploads\/2022\/10\/bcard-spec-1024x698.jpg\" class=\"attachment-large size-large wp-image-13435\" alt=\"\" srcset=\"https:\/\/imatech-backup.artover.fr\/wp-content\/uploads\/2022\/10\/bcard-spec-1024x698.jpg 1024w, https:\/\/imatech-backup.artover.fr\/wp-content\/uploads\/2022\/10\/bcard-spec-300x204.jpg 300w, https:\/\/imatech-backup.artover.fr\/wp-content\/uploads\/2022\/10\/bcard-spec-768x523.jpg 768w, https:\/\/imatech-backup.artover.fr\/wp-content\/uploads\/2022\/10\/bcard-spec-600x409.jpg 600w, https:\/\/imatech-backup.artover.fr\/wp-content\/uploads\/2022\/10\/bcard-spec.jpg 1300w\" sizes=\"(max-width: 1024px) 100vw, 1024px\" \/>\t\t\t\t\t\t\t\t\t\t\t\t\t<\/div>\n\t\t\t\t<\/div>\n\t\t\t\t<\/div>\n\t\t<div class=\"elementor-element elementor-element-9d7c8bd e-con-full e-flex e-con e-child\" data-id=\"9d7c8bd\" data-element_type=\"container\">\n\t\t\t\t<div class=\"elementor-element elementor-element-8034d91 elementor-widget elementor-widget-text-editor\" data-id=\"8034d91\" data-element_type=\"widget\" data-widget_type=\"text-editor.default\">\n\t\t\t\t<div class=\"elementor-widget-container\">\n\t\t\t\t\t\t\t<p><strong>Fond perdu :<\/strong> 2 mm<\/p>\n\t\t\t\t\t\t<\/div>\n\t\t\t\t<\/div>\n\t\t\t\t<div class=\"elementor-element elementor-element-f508b1b elementor-widget elementor-widget-text-editor\" data-id=\"f508b1b\" data-element_type=\"widget\" data-widget_type=\"text-editor.default\">\n\t\t\t\t<div class=\"elementor-widget-container\">\n\t\t\t\t\t\t\t<p><strong>Ligne de coupe :<\/strong> Produit fini<\/p>\n\t\t\t\t\t\t<\/div>\n\t\t\t\t<\/div>\n\t\t\t\t<div class=\"elementor-element elementor-element-ec5ba91 elementor-widget elementor-widget-text-editor\" data-id=\"ec5ba91\" data-element_type=\"widget\" data-widget_type=\"text-editor.default\">\n\t\t\t\t<div class=\"elementor-widget-container\">\n\t\t\t\t\t\t\t<p><strong>Marge de s\u00e9curit\u00e9 :<\/strong> Minimum de 3 mm  <\/p>\n\t\t\t\t\t\t<\/div>\n\t\t\t\t<\/div>\n\t\t\t\t<div class=\"elementor-element elementor-element-121d285 elementor-widget elementor-widget-text-editor\" data-id=\"121d285\" data-element_type=\"widget\" data-widget_type=\"text-editor.default\">\n\t\t\t\t<div class=\"elementor-widget-container\">\n\t\t\t\t\t\t\t<p><strong>Zone de travail :<\/strong> Zone de s\u00e9curit\u00e9<\/p>\n\t\t\t\t\t\t<\/div>\n\t\t\t\t<\/div>\n\t\t\t\t<\/div>\n\t\t\t\t\t<\/div>\n\t\t\t\t<\/div>\n\t\t\t\t<div class=\"elementor-element elementor-element-5c5f7c2 elementor-widget elementor-widget-text-editor\" data-id=\"5c5f7c2\" data-element_type=\"widget\" data-widget_type=\"text-editor.default\">\n\t\t\t\t<div class=\"elementor-widget-container\">\n\t\t\t\t\t\t\t<p>Pour obtenir un produit fini de qualit\u00e9, il est conseill\u00e9 de nous envoyer votre fichier au format PDF avec des rep\u00e8res de coupe et des fonds perdus. C&#8217;est-\u00e0-dire la continuation de l&#8217;image ou de l&#8217;arri\u00e8re-plan au-del\u00e0 du mod\u00e8le, ce qui \u00e9vite les bords blancs disgracieux lorsque les documents sont coup\u00e9s \u00e0 la taille finale.<\/p>\n<p>Respectez un minimum de 2 (mm) pour le fond perdu et de 3 (mm) pour la marge, en particulier pour les cartes de visite, les brochures et les autres produits non reli\u00e9s. Une marge raisonnable permet d&#8217;\u00e9viter que le texte ne soit trop pr\u00e8s du bord ou qu&#8217;il ne soit coup\u00e9 lors de la finition.<\/p>\n\t\t\t\t\t\t<\/div>\n\t\t\t\t<\/div>\n\t\t\t\t<div class=\"elementor-element elementor-element-1a117b7 elementor-icon-list--layout-inline elementor-list-item-link-full_width elementor-widget elementor-widget-icon-list\" data-id=\"1a117b7\" data-element_type=\"widget\" data-widget_type=\"icon-list.default\">\n\t\t\t\t<div class=\"elementor-widget-container\">\n\t\t\t\t\t<ul class=\"elementor-icon-list-items elementor-inline-items\">\n\t\t\t\t\t\t\t<li class=\"elementor-icon-list-item elementor-inline-item\">\n\t\t\t\t\t\t\t\t\t\t\t<span class=\"elementor-icon-list-icon\">\n\t\t\t\t\t\t\t<i aria-hidden=\"true\" class=\"fas fa-file-download\"><\/i>\t\t\t\t\t\t<\/span>\n\t\t\t\t\t\t\t\t\t\t<span class=\"elementor-icon-list-text\">Vous devez nous envoyer le fichier imprimable au format PDF.<\/span>\n\t\t\t\t\t\t\t\t\t<\/li>\n\t\t\t\t\t\t<\/ul>\n\t\t\t\t<\/div>\n\t\t\t\t<\/div>\n\t\t\t\t<div class=\"elementor-element elementor-element-b6e0c83 elementor-widget elementor-widget-text-editor\" data-id=\"b6e0c83\" data-element_type=\"widget\" data-widget_type=\"text-editor.default\">\n\t\t\t\t<div class=\"elementor-widget-container\">\n\t\t\t\t\t\t\t<p><strong><br \/>\n  <span style=\"text-decoration: underline;\">Remarque<\/span><br \/>\n<\/strong> Si la taille du fichier PDF est sup\u00e9rieure \u00e0 30MB. Compresser le fichier au format ZIP avant de le t\u00e9l\u00e9charger.<\/p>\n\t\t\t\t\t\t<\/div>\n\t\t\t\t<\/div>\n\t\t\t\t\t<\/div>\n\t\t\t\t<\/div>\n\t\t\t\t<\/div>\n\t\t","protected":false},"excerpt":{"rendered":"<p>Que vous ayez besoin de brochures pour le marketing, la diffusion d&#8217;informations ou tout autre objectif, Imatech est l\u00e0 pour vous aider. Nous veillons \u00e0 la plus haute qualit\u00e9 et \u00e0 l&#8217;attention port\u00e9e aux d\u00e9tails.<\/p>\n","protected":false},"featured_media":13824,"comment_status":"open","ping_status":"closed","template":"","meta":[],"product_cat":[76],"product_tag":[],"class_list":{"0":"post-13891","1":"product","2":"type-product","3":"status-publish","4":"has-post-thumbnail","6":"product_cat-impression-brochure","8":"first","9":"instock","10":"taxable","11":"shipping-taxable","12":"purchasable","13":"product-type-variable","14":"has-default-attributes"},"_links":{"self":[{"href":"https:\/\/imatech-backup.artover.fr\/fr\/wp-json\/wp\/v2\/product\/13891","targetHints":{"allow":["GET"]}}],"collection":[{"href":"https:\/\/imatech-backup.artover.fr\/fr\/wp-json\/wp\/v2\/product"}],"about":[{"href":"https:\/\/imatech-backup.artover.fr\/fr\/wp-json\/wp\/v2\/types\/product"}],"replies":[{"embeddable":true,"href":"https:\/\/imatech-backup.artover.fr\/fr\/wp-json\/wp\/v2\/comments?post=13891"}],"version-history":[{"count":3,"href":"https:\/\/imatech-backup.artover.fr\/fr\/wp-json\/wp\/v2\/product\/13891\/revisions"}],"predecessor-version":[{"id":13947,"href":"https:\/\/imatech-backup.artover.fr\/fr\/wp-json\/wp\/v2\/product\/13891\/revisions\/13947"}],"wp:featuredmedia":[{"embeddable":true,"href":"https:\/\/imatech-backup.artover.fr\/fr\/wp-json\/wp\/v2\/media\/13824"}],"wp:attachment":[{"href":"https:\/\/imatech-backup.artover.fr\/fr\/wp-json\/wp\/v2\/media?parent=13891"}],"wp:term":[{"taxonomy":"product_cat","embeddable":true,"href":"https:\/\/imatech-backup.artover.fr\/fr\/wp-json\/wp\/v2\/product_cat?post=13891"},{"taxonomy":"product_tag","embeddable":true,"href":"https:\/\/imatech-backup.artover.fr\/fr\/wp-json\/wp\/v2\/product_tag?post=13891"}],"curies":[{"name":"wp","href":"https:\/\/api.w.org\/{rel}","templated":true}]}}