{"id":13905,"date":"2023-10-22T08:43:16","date_gmt":"2023-10-22T08:43:16","guid":{"rendered":"https:\/\/imatech.artover.fr\/printing\/canvas\/"},"modified":"2023-11-27T16:00:43","modified_gmt":"2023-11-27T16:00:43","slug":"canvas","status":"publish","type":"product","link":"https:\/\/imatech-backup.artover.fr\/fr\/printing\/canvas\/","title":{"rendered":"Canvas"},"content":{"rendered":"\t\t<div data-elementor-type=\"wp-post\" data-elementor-id=\"13905\" class=\"elementor elementor-13905 elementor-13197\">\n\t\t\t\t<div class=\"elementor-element elementor-element-098e4e0 e-flex e-con-boxed e-con e-parent\" data-id=\"098e4e0\" data-element_type=\"container\" data-core-v316-plus=\"true\">\n\t\t\t\t\t<div class=\"e-con-inner\">\n\t\t<div class=\"elementor-element elementor-element-a125b3a e-con-full e-flex e-con e-child\" data-id=\"a125b3a\" data-element_type=\"container\">\n\t\t\t\t<div class=\"elementor-element elementor-element-8f9aa9f elementor-widget elementor-widget-heading\" data-id=\"8f9aa9f\" data-element_type=\"widget\" data-widget_type=\"heading.default\">\n\t\t\t\t<div class=\"elementor-widget-container\">\n\t\t\t<style>\/*! elementor - v3.20.0 - 26-03-2024 *\/\n.elementor-heading-title{padding:0;margin:0;line-height:1}.elementor-widget-heading .elementor-heading-title[class*=elementor-size-]>a{color:inherit;font-size:inherit;line-height:inherit}.elementor-widget-heading .elementor-heading-title.elementor-size-small{font-size:15px}.elementor-widget-heading .elementor-heading-title.elementor-size-medium{font-size:19px}.elementor-widget-heading .elementor-heading-title.elementor-size-large{font-size:29px}.elementor-widget-heading .elementor-heading-title.elementor-size-xl{font-size:39px}.elementor-widget-heading .elementor-heading-title.elementor-size-xxl{font-size:59px}<\/style><h2 class=\"elementor-heading-title elementor-size-default\">Am\u00e9liorez votre d\u00e9coration et conservez vos souvenirs gr\u00e2ce aux impressions sur canvas d'Imatech.<\/h2>\t\t<\/div>\n\t\t\t\t<\/div>\n\t\t\t\t<div class=\"elementor-element elementor-element-7d90a44 elementor-icon-list--layout-traditional elementor-list-item-link-full_width elementor-widget elementor-widget-icon-list\" data-id=\"7d90a44\" data-element_type=\"widget\" data-widget_type=\"icon-list.default\">\n\t\t\t\t<div class=\"elementor-widget-container\">\n\t\t\t<link rel=\"stylesheet\" href=\"https:\/\/imatech-backup.artover.fr\/wp-content\/plugins\/elementor\/assets\/css\/widget-icon-list.min.css\">\t\t<ul class=\"elementor-icon-list-items\">\n\t\t\t\t\t\t\t<li class=\"elementor-icon-list-item\">\n\t\t\t\t\t\t\t\t\t\t\t<span class=\"elementor-icon-list-icon\">\n\t\t\t\t\t\t\t<i aria-hidden=\"true\" class=\"fas fa-check\"><\/i>\t\t\t\t\t\t<\/span>\n\t\t\t\t\t\t\t\t\t\t<span class=\"elementor-icon-list-text\">Canvas tendue <\/span>\n\t\t\t\t\t\t\t\t\t<\/li>\n\t\t\t\t\t\t\t\t<li class=\"elementor-icon-list-item\">\n\t\t\t\t\t\t\t\t\t\t\t<span class=\"elementor-icon-list-icon\">\n\t\t\t\t\t\t\t<i aria-hidden=\"true\" class=\"fas fa-check\"><\/i>\t\t\t\t\t\t<\/span>\n\t\t\t\t\t\t\t\t\t\t<span class=\"elementor-icon-list-text\">Impression en couleurs vives  <\/span>\n\t\t\t\t\t\t\t\t\t<\/li>\n\t\t\t\t\t\t<\/ul>\n\t\t\t\t<\/div>\n\t\t\t\t<\/div>\n\t\t\t\t<div class=\"elementor-element elementor-element-20cd33e elementor-widget elementor-widget-heading\" data-id=\"20cd33e\" data-element_type=\"widget\" data-widget_type=\"heading.default\">\n\t\t\t\t<div class=\"elementor-widget-container\">\n\t\t\t<h3 class=\"elementor-heading-title elementor-size-default\">Transformer des instants en art intemporel<\/h3>\t\t<\/div>\n\t\t\t\t<\/div>\n\t\t\t\t<div class=\"elementor-element elementor-element-8f28a2c elementor-widget elementor-widget-text-editor\" data-id=\"8f28a2c\" data-element_type=\"widget\" data-widget_type=\"text-editor.default\">\n\t\t\t\t<div class=\"elementor-widget-container\">\n\t\t\t<style>\/*! elementor - v3.20.0 - 26-03-2024 *\/\n.elementor-widget-text-editor.elementor-drop-cap-view-stacked .elementor-drop-cap{background-color:#69727d;color:#fff}.elementor-widget-text-editor.elementor-drop-cap-view-framed .elementor-drop-cap{color:#69727d;border:3px solid;background-color:transparent}.elementor-widget-text-editor:not(.elementor-drop-cap-view-default) .elementor-drop-cap{margin-top:8px}.elementor-widget-text-editor:not(.elementor-drop-cap-view-default) .elementor-drop-cap-letter{width:1em;height:1em}.elementor-widget-text-editor .elementor-drop-cap{float:left;text-align:center;line-height:1;font-size:50px}.elementor-widget-text-editor .elementor-drop-cap-letter{display:inline-block}<\/style>\t\t\t\t<p>Pr\u00e9servez vos pr\u00e9cieux souvenirs sous la forme de chefs-d&#8217;\u0153uvre durables. Les impressions sur toile d&#8217;Imatech garantissent que vos portraits de famille, vos clich\u00e9s candides et vos photos d&#8217;animaux bien-aim\u00e9s restent aussi vivants que le jour o\u00f9 ils ont \u00e9t\u00e9 pris. Notre technologie d&#8217;impression de pointe permet de capturer chaque d\u00e9tail avec \u00e9clat et clart\u00e9, offrant ainsi une fa\u00e7on \u00e9tonnante d&#8217;immortaliser ces moments sp\u00e9ciaux pour les ann\u00e9es \u00e0 venir.  <\/p>\n\t\t\t\t\t\t<\/div>\n\t\t\t\t<\/div>\n\t\t\t\t<\/div>\n\t\t<div class=\"elementor-element elementor-element-f5a0ea2 e-con-full e-flex e-con e-child\" data-id=\"f5a0ea2\" data-element_type=\"container\">\n\t\t\t\t<div class=\"elementor-element elementor-element-cba751b elementor-widget elementor-widget-image\" data-id=\"cba751b\" data-element_type=\"widget\" data-widget_type=\"image.default\">\n\t\t\t\t<div class=\"elementor-widget-container\">\n\t\t\t<style>\/*! elementor - v3.20.0 - 26-03-2024 *\/\n.elementor-widget-image{text-align:center}.elementor-widget-image a{display:inline-block}.elementor-widget-image a img[src$=\".svg\"]{width:48px}.elementor-widget-image img{vertical-align:middle;display:inline-block}<\/style>\t\t\t\t\t\t\t\t\t\t<img fetchpriority=\"high\" decoding=\"async\" width=\"1000\" height=\"1000\" src=\"https:\/\/imatech-backup.artover.fr\/wp-content\/uploads\/2023\/10\/02.jpg\" class=\"attachment-large size-large wp-image-13261\" alt=\"\" srcset=\"https:\/\/imatech-backup.artover.fr\/wp-content\/uploads\/2023\/10\/02.jpg 1000w, https:\/\/imatech-backup.artover.fr\/wp-content\/uploads\/2023\/10\/02-300x300.jpg 300w, https:\/\/imatech-backup.artover.fr\/wp-content\/uploads\/2023\/10\/02-150x150.jpg 150w, https:\/\/imatech-backup.artover.fr\/wp-content\/uploads\/2023\/10\/02-768x768.jpg 768w, https:\/\/imatech-backup.artover.fr\/wp-content\/uploads\/2023\/10\/02-600x600.jpg 600w\" sizes=\"(max-width: 1000px) 100vw, 1000px\" \/>\t\t\t\t\t\t\t\t\t\t\t\t\t<\/div>\n\t\t\t\t<\/div>\n\t\t\t\t<\/div>\n\t\t\t\t\t<\/div>\n\t\t\t\t<\/div>\n\t\t<div class=\"elementor-element elementor-element-bf18f72 e-flex e-con-boxed e-con e-parent\" data-id=\"bf18f72\" data-element_type=\"container\" data-core-v316-plus=\"true\">\n\t\t\t\t\t<div class=\"e-con-inner\">\n\t\t\t\t<div class=\"elementor-element elementor-element-c7a1064 elementor-widget elementor-widget-heading\" data-id=\"c7a1064\" data-element_type=\"widget\" data-widget_type=\"heading.default\">\n\t\t\t\t<div class=\"elementor-widget-container\">\n\t\t\t<h2 class=\"elementor-heading-title elementor-size-default\">Sp\u00e9cifications des produits<\/h2>\t\t<\/div>\n\t\t\t\t<\/div>\n\t\t<div class=\"elementor-element elementor-element-0c42784 e-flex e-con-boxed e-con e-child\" data-id=\"0c42784\" data-element_type=\"container\">\n\t\t\t\t\t<div class=\"e-con-inner\">\n\t\t<div class=\"elementor-element elementor-element-5e924e4 e-con-full e-flex e-con e-child\" data-id=\"5e924e4\" data-element_type=\"container\">\n\t\t\t\t<div class=\"elementor-element elementor-element-a5efb8b elementor-widget elementor-widget-image\" data-id=\"a5efb8b\" data-element_type=\"widget\" data-widget_type=\"image.default\">\n\t\t\t\t<div class=\"elementor-widget-container\">\n\t\t\t\t\t\t\t\t\t\t\t\t\t<img decoding=\"async\" width=\"1024\" height=\"698\" src=\"https:\/\/imatech-backup.artover.fr\/wp-content\/uploads\/2022\/10\/bcard-spec-1024x698.jpg\" class=\"attachment-large size-large wp-image-13435\" alt=\"\" srcset=\"https:\/\/imatech-backup.artover.fr\/wp-content\/uploads\/2022\/10\/bcard-spec-1024x698.jpg 1024w, https:\/\/imatech-backup.artover.fr\/wp-content\/uploads\/2022\/10\/bcard-spec-300x204.jpg 300w, https:\/\/imatech-backup.artover.fr\/wp-content\/uploads\/2022\/10\/bcard-spec-768x523.jpg 768w, https:\/\/imatech-backup.artover.fr\/wp-content\/uploads\/2022\/10\/bcard-spec-600x409.jpg 600w, https:\/\/imatech-backup.artover.fr\/wp-content\/uploads\/2022\/10\/bcard-spec.jpg 1300w\" sizes=\"(max-width: 1024px) 100vw, 1024px\" \/>\t\t\t\t\t\t\t\t\t\t\t\t\t<\/div>\n\t\t\t\t<\/div>\n\t\t\t\t<\/div>\n\t\t<div class=\"elementor-element elementor-element-0c4587f e-con-full e-flex e-con e-child\" data-id=\"0c4587f\" data-element_type=\"container\">\n\t\t\t\t<div class=\"elementor-element elementor-element-05bf2fd elementor-widget elementor-widget-text-editor\" data-id=\"05bf2fd\" data-element_type=\"widget\" data-widget_type=\"text-editor.default\">\n\t\t\t\t<div class=\"elementor-widget-container\">\n\t\t\t\t\t\t\t<p><strong>Fond perdu :<\/strong> 2 mm<\/p>\n\t\t\t\t\t\t<\/div>\n\t\t\t\t<\/div>\n\t\t\t\t<div class=\"elementor-element elementor-element-f832b42 elementor-widget elementor-widget-text-editor\" data-id=\"f832b42\" data-element_type=\"widget\" data-widget_type=\"text-editor.default\">\n\t\t\t\t<div class=\"elementor-widget-container\">\n\t\t\t\t\t\t\t<p><strong>Ligne de coupe :<\/strong> Produit fini<\/p>\n\t\t\t\t\t\t<\/div>\n\t\t\t\t<\/div>\n\t\t\t\t<div class=\"elementor-element elementor-element-0162e78 elementor-widget elementor-widget-text-editor\" data-id=\"0162e78\" data-element_type=\"widget\" data-widget_type=\"text-editor.default\">\n\t\t\t\t<div class=\"elementor-widget-container\">\n\t\t\t\t\t\t\t<p><strong>Marge de s\u00e9curit\u00e9 :<\/strong> Minimum de 3 mm  <\/p>\n\t\t\t\t\t\t<\/div>\n\t\t\t\t<\/div>\n\t\t\t\t<div class=\"elementor-element elementor-element-ee7cd9b elementor-widget elementor-widget-text-editor\" data-id=\"ee7cd9b\" data-element_type=\"widget\" data-widget_type=\"text-editor.default\">\n\t\t\t\t<div class=\"elementor-widget-container\">\n\t\t\t\t\t\t\t<p><strong>Zone de travail :<\/strong> Zone de s\u00e9curit\u00e9<\/p>\n\t\t\t\t\t\t<\/div>\n\t\t\t\t<\/div>\n\t\t\t\t<\/div>\n\t\t\t\t\t<\/div>\n\t\t\t\t<\/div>\n\t\t\t\t<div class=\"elementor-element elementor-element-5c5f7c2 elementor-widget elementor-widget-text-editor\" data-id=\"5c5f7c2\" data-element_type=\"widget\" data-widget_type=\"text-editor.default\">\n\t\t\t\t<div class=\"elementor-widget-container\">\n\t\t\t\t\t\t\t<p>Pour obtenir un produit fini de qualit\u00e9, il est conseill\u00e9 de nous envoyer votre fichier au format PDF avec des rep\u00e8res de coupe et des fonds perdus. C&#8217;est-\u00e0-dire la continuation de l&#8217;image ou de l&#8217;arri\u00e8re-plan au-del\u00e0 du mod\u00e8le, ce qui \u00e9vite les bords blancs disgracieux lorsque les documents sont coup\u00e9s \u00e0 la taille finale.<\/p>\n<p>Respectez un minimum de 2 (mm) pour le fond perdu et de 3 (mm) pour la marge, en particulier pour les cartes de visite, les brochures et les autres produits non reli\u00e9s. Une marge raisonnable permet d&#8217;\u00e9viter que le texte ne soit trop pr\u00e8s du bord ou qu&#8217;il ne soit coup\u00e9 lors de la finition.<\/p>\n\t\t\t\t\t\t<\/div>\n\t\t\t\t<\/div>\n\t\t\t\t<div class=\"elementor-element elementor-element-942741d elementor-icon-list--layout-inline elementor-list-item-link-full_width elementor-widget elementor-widget-icon-list\" data-id=\"942741d\" data-element_type=\"widget\" data-widget_type=\"icon-list.default\">\n\t\t\t\t<div class=\"elementor-widget-container\">\n\t\t\t\t\t<ul class=\"elementor-icon-list-items elementor-inline-items\">\n\t\t\t\t\t\t\t<li class=\"elementor-icon-list-item elementor-inline-item\">\n\t\t\t\t\t\t\t\t\t\t\t<span class=\"elementor-icon-list-icon\">\n\t\t\t\t\t\t\t<i aria-hidden=\"true\" class=\"fas fa-file-download\"><\/i>\t\t\t\t\t\t<\/span>\n\t\t\t\t\t\t\t\t\t\t<span class=\"elementor-icon-list-text\">Vous devez nous envoyer le fichier imprimable au format PDF.<\/span>\n\t\t\t\t\t\t\t\t\t<\/li>\n\t\t\t\t\t\t<\/ul>\n\t\t\t\t<\/div>\n\t\t\t\t<\/div>\n\t\t\t\t<div class=\"elementor-element elementor-element-ed90658 elementor-widget elementor-widget-text-editor\" data-id=\"ed90658\" data-element_type=\"widget\" data-widget_type=\"text-editor.default\">\n\t\t\t\t<div class=\"elementor-widget-container\">\n\t\t\t\t\t\t\t<p><strong><br \/>\n  <span style=\"text-decoration: underline;\">Remarque<\/span><br \/>\n<\/strong> Si la taille du fichier PDF est sup\u00e9rieure \u00e0 30MB. Compresser le fichier au format ZIP avant de le t\u00e9l\u00e9charger.<\/p>\n\t\t\t\t\t\t<\/div>\n\t\t\t\t<\/div>\n\t\t\t\t\t<\/div>\n\t\t\t\t<\/div>\n\t\t\t\t<\/div>\n\t\t","protected":false},"excerpt":{"rendered":"<p>Imatech transforme vos souvenirs en chefs-d&#8217;\u0153uvre gr\u00e2ce \u00e0 l&#8217;impression sur toile de qualit\u00e9 sup\u00e9rieure. D\u00e9couvrez la beaut\u00e9 de vos photos pr\u00e9f\u00e9r\u00e9es dans des couleurs vives et durables.<\/p>\n","protected":false},"featured_media":13829,"comment_status":"open","ping_status":"closed","template":"","meta":[],"product_cat":[79],"product_tag":[],"class_list":{"0":"post-13905","1":"product","2":"type-product","3":"status-publish","4":"has-post-thumbnail","6":"product_cat-impression-grand-format","8":"first","9":"instock","10":"taxable","11":"shipping-taxable","12":"purchasable","13":"product-type-simple"},"_links":{"self":[{"href":"https:\/\/imatech-backup.artover.fr\/fr\/wp-json\/wp\/v2\/product\/13905","targetHints":{"allow":["GET"]}}],"collection":[{"href":"https:\/\/imatech-backup.artover.fr\/fr\/wp-json\/wp\/v2\/product"}],"about":[{"href":"https:\/\/imatech-backup.artover.fr\/fr\/wp-json\/wp\/v2\/types\/product"}],"replies":[{"embeddable":true,"href":"https:\/\/imatech-backup.artover.fr\/fr\/wp-json\/wp\/v2\/comments?post=13905"}],"version-history":[{"count":3,"href":"https:\/\/imatech-backup.artover.fr\/fr\/wp-json\/wp\/v2\/product\/13905\/revisions"}],"predecessor-version":[{"id":13908,"href":"https:\/\/imatech-backup.artover.fr\/fr\/wp-json\/wp\/v2\/product\/13905\/revisions\/13908"}],"wp:featuredmedia":[{"embeddable":true,"href":"https:\/\/imatech-backup.artover.fr\/fr\/wp-json\/wp\/v2\/media\/13829"}],"wp:attachment":[{"href":"https:\/\/imatech-backup.artover.fr\/fr\/wp-json\/wp\/v2\/media?parent=13905"}],"wp:term":[{"taxonomy":"product_cat","embeddable":true,"href":"https:\/\/imatech-backup.artover.fr\/fr\/wp-json\/wp\/v2\/product_cat?post=13905"},{"taxonomy":"product_tag","embeddable":true,"href":"https:\/\/imatech-backup.artover.fr\/fr\/wp-json\/wp\/v2\/product_tag?post=13905"}],"curies":[{"name":"wp","href":"https:\/\/api.w.org\/{rel}","templated":true}]}}