{"id":13915,"date":"2023-10-23T14:08:26","date_gmt":"2023-10-23T14:08:26","guid":{"rendered":"https:\/\/imatech.artover.fr\/printing\/vinyle-givre\/"},"modified":"2023-11-29T15:07:14","modified_gmt":"2023-11-29T15:07:14","slug":"vinyle-givre","status":"publish","type":"product","link":"https:\/\/imatech-backup.artover.fr\/fr\/printing\/vinyle-givre\/","title":{"rendered":"Vinyle givr\u00e9"},"content":{"rendered":"\t\t<div data-elementor-type=\"wp-post\" data-elementor-id=\"13915\" class=\"elementor elementor-13915 elementor-13211\">\n\t\t\t\t<div class=\"elementor-element elementor-element-098e4e0 e-flex e-con-boxed e-con e-parent\" data-id=\"098e4e0\" data-element_type=\"container\" data-core-v316-plus=\"true\">\n\t\t\t\t\t<div class=\"e-con-inner\">\n\t\t<div class=\"elementor-element elementor-element-a125b3a e-con-full e-flex e-con e-child\" data-id=\"a125b3a\" data-element_type=\"container\">\n\t\t\t\t<div class=\"elementor-element elementor-element-8f9aa9f elementor-widget elementor-widget-heading\" data-id=\"8f9aa9f\" data-element_type=\"widget\" data-widget_type=\"heading.default\">\n\t\t\t\t<div class=\"elementor-widget-container\">\n\t\t\t<style>\/*! elementor - v3.20.0 - 26-03-2024 *\/\n.elementor-heading-title{padding:0;margin:0;line-height:1}.elementor-widget-heading .elementor-heading-title[class*=elementor-size-]>a{color:inherit;font-size:inherit;line-height:inherit}.elementor-widget-heading .elementor-heading-title.elementor-size-small{font-size:15px}.elementor-widget-heading .elementor-heading-title.elementor-size-medium{font-size:19px}.elementor-widget-heading .elementor-heading-title.elementor-size-large{font-size:29px}.elementor-widget-heading .elementor-heading-title.elementor-size-xl{font-size:39px}.elementor-widget-heading .elementor-heading-title.elementor-size-xxl{font-size:59px}<\/style><h2 class=\"elementor-heading-title elementor-size-default\">Renforcer l'intimit\u00e9 et le style avec le vinyle givr\u00e9 imprim\u00e9 pour les fen\u00eatres<\/h2>\t\t<\/div>\n\t\t\t\t<\/div>\n\t\t\t\t<div class=\"elementor-element elementor-element-20cd33e elementor-widget elementor-widget-heading\" data-id=\"20cd33e\" data-element_type=\"widget\" data-widget_type=\"heading.default\">\n\t\t\t\t<div class=\"elementor-widget-container\">\n\t\t\t<h3 class=\"elementor-heading-title elementor-size-default\">Vinyle d\u00e9poli<\/h3>\t\t<\/div>\n\t\t\t\t<\/div>\n\t\t\t\t<div class=\"elementor-element elementor-element-8f28a2c elementor-widget elementor-widget-text-editor\" data-id=\"8f28a2c\" data-element_type=\"widget\" data-widget_type=\"text-editor.default\">\n\t\t\t\t<div class=\"elementor-widget-container\">\n\t\t\t<style>\/*! elementor - v3.20.0 - 26-03-2024 *\/\n.elementor-widget-text-editor.elementor-drop-cap-view-stacked .elementor-drop-cap{background-color:#69727d;color:#fff}.elementor-widget-text-editor.elementor-drop-cap-view-framed .elementor-drop-cap{color:#69727d;border:3px solid;background-color:transparent}.elementor-widget-text-editor:not(.elementor-drop-cap-view-default) .elementor-drop-cap{margin-top:8px}.elementor-widget-text-editor:not(.elementor-drop-cap-view-default) .elementor-drop-cap-letter{width:1em;height:1em}.elementor-widget-text-editor .elementor-drop-cap{float:left;text-align:center;line-height:1;font-size:50px}.elementor-widget-text-editor .elementor-drop-cap-letter{display:inline-block}<\/style>\t\t\t\t<p>Le vinyle givr\u00e9 ne se limite pas aux portes de douche. Notre vinyle d\u00e9poli imprim\u00e9 peut conf\u00e9rer \u00e0 vos fen\u00eatres le charme artistique de la gravure sur verre et du vitrail, le tout \u00e0 un prix abordable. Il agit \u00e9galement comme une barri\u00e8re contre l&#8217;exc\u00e8s de chaleur, r\u00e9duisant ainsi vos co\u00fbts \u00e9nerg\u00e9tiques estivaux. En outre, il prot\u00e8ge vos meubles et rideaux des dommages caus\u00e9s par les UV. C&#8217;est le choix id\u00e9al pour ajouter \u00e0 la fois de l&#8217;art et de l&#8217;intimit\u00e9 \u00e0 vos fen\u00eatres et portes de douche en verre.<\/p>\n\t\t\t\t\t\t<\/div>\n\t\t\t\t<\/div>\n\t\t\t\t<\/div>\n\t\t<div class=\"elementor-element elementor-element-f5a0ea2 e-con-full e-flex e-con e-child\" data-id=\"f5a0ea2\" data-element_type=\"container\">\n\t\t\t\t<div class=\"elementor-element elementor-element-cba751b elementor-widget elementor-widget-image\" data-id=\"cba751b\" data-element_type=\"widget\" data-widget_type=\"image.default\">\n\t\t\t\t<div class=\"elementor-widget-container\">\n\t\t\t<style>\/*! elementor - v3.20.0 - 26-03-2024 *\/\n.elementor-widget-image{text-align:center}.elementor-widget-image a{display:inline-block}.elementor-widget-image a img[src$=\".svg\"]{width:48px}.elementor-widget-image img{vertical-align:middle;display:inline-block}<\/style>\t\t\t\t\t\t\t\t\t\t<img fetchpriority=\"high\" decoding=\"async\" width=\"1000\" height=\"728\" src=\"https:\/\/imatech-backup.artover.fr\/wp-content\/uploads\/2023\/10\/3-fosted-vinyl-printing-mauritius.jpg\" class=\"attachment-large size-large wp-image-13536\" alt=\"\" srcset=\"https:\/\/imatech-backup.artover.fr\/wp-content\/uploads\/2023\/10\/3-fosted-vinyl-printing-mauritius.jpg 1000w, https:\/\/imatech-backup.artover.fr\/wp-content\/uploads\/2023\/10\/3-fosted-vinyl-printing-mauritius-300x218.jpg 300w, https:\/\/imatech-backup.artover.fr\/wp-content\/uploads\/2023\/10\/3-fosted-vinyl-printing-mauritius-768x559.jpg 768w, https:\/\/imatech-backup.artover.fr\/wp-content\/uploads\/2023\/10\/3-fosted-vinyl-printing-mauritius-600x437.jpg 600w\" sizes=\"(max-width: 1000px) 100vw, 1000px\" \/>\t\t\t\t\t\t\t\t\t\t\t\t\t<\/div>\n\t\t\t\t<\/div>\n\t\t\t\t<\/div>\n\t\t\t\t\t<\/div>\n\t\t\t\t<\/div>\n\t\t<div class=\"elementor-element elementor-element-bf18f72 e-flex e-con-boxed e-con e-parent\" data-id=\"bf18f72\" data-element_type=\"container\" data-core-v316-plus=\"true\">\n\t\t\t\t\t<div class=\"e-con-inner\">\n\t\t\t\t<div class=\"elementor-element elementor-element-3282175 elementor-widget elementor-widget-heading\" data-id=\"3282175\" data-element_type=\"widget\" data-widget_type=\"heading.default\">\n\t\t\t\t<div class=\"elementor-widget-container\">\n\t\t\t<h2 class=\"elementor-heading-title elementor-size-default\">Sp\u00e9cifications des produits<\/h2>\t\t<\/div>\n\t\t\t\t<\/div>\n\t\t<div class=\"elementor-element elementor-element-c2fe9c7 e-flex e-con-boxed e-con e-child\" data-id=\"c2fe9c7\" data-element_type=\"container\">\n\t\t\t\t\t<div class=\"e-con-inner\">\n\t\t<div class=\"elementor-element elementor-element-dd3a2f9 e-con-full e-flex e-con e-child\" data-id=\"dd3a2f9\" data-element_type=\"container\">\n\t\t\t\t<div class=\"elementor-element elementor-element-e5669e4 elementor-widget elementor-widget-image\" data-id=\"e5669e4\" data-element_type=\"widget\" data-widget_type=\"image.default\">\n\t\t\t\t<div class=\"elementor-widget-container\">\n\t\t\t\t\t\t\t\t\t\t\t\t\t<img decoding=\"async\" width=\"1024\" height=\"698\" src=\"https:\/\/imatech-backup.artover.fr\/wp-content\/uploads\/2022\/10\/bcard-spec-1024x698.jpg\" class=\"attachment-large size-large wp-image-13435\" alt=\"\" srcset=\"https:\/\/imatech-backup.artover.fr\/wp-content\/uploads\/2022\/10\/bcard-spec-1024x698.jpg 1024w, https:\/\/imatech-backup.artover.fr\/wp-content\/uploads\/2022\/10\/bcard-spec-300x204.jpg 300w, https:\/\/imatech-backup.artover.fr\/wp-content\/uploads\/2022\/10\/bcard-spec-768x523.jpg 768w, https:\/\/imatech-backup.artover.fr\/wp-content\/uploads\/2022\/10\/bcard-spec-600x409.jpg 600w, https:\/\/imatech-backup.artover.fr\/wp-content\/uploads\/2022\/10\/bcard-spec.jpg 1300w\" sizes=\"(max-width: 1024px) 100vw, 1024px\" \/>\t\t\t\t\t\t\t\t\t\t\t\t\t<\/div>\n\t\t\t\t<\/div>\n\t\t\t\t<\/div>\n\t\t<div class=\"elementor-element elementor-element-d9c647d e-con-full e-flex e-con e-child\" data-id=\"d9c647d\" data-element_type=\"container\">\n\t\t\t\t<div class=\"elementor-element elementor-element-8ff7168 elementor-widget elementor-widget-text-editor\" data-id=\"8ff7168\" data-element_type=\"widget\" data-widget_type=\"text-editor.default\">\n\t\t\t\t<div class=\"elementor-widget-container\">\n\t\t\t\t\t\t\t<p><strong>Fond perdu :<\/strong> 2 mm<\/p>\n\t\t\t\t\t\t<\/div>\n\t\t\t\t<\/div>\n\t\t\t\t<div class=\"elementor-element elementor-element-8d7cbf5 elementor-widget elementor-widget-text-editor\" data-id=\"8d7cbf5\" data-element_type=\"widget\" data-widget_type=\"text-editor.default\">\n\t\t\t\t<div class=\"elementor-widget-container\">\n\t\t\t\t\t\t\t<p><strong>Ligne de coupe :<\/strong> Produit fini<\/p>\n\t\t\t\t\t\t<\/div>\n\t\t\t\t<\/div>\n\t\t\t\t<div class=\"elementor-element elementor-element-3f2ef05 elementor-widget elementor-widget-text-editor\" data-id=\"3f2ef05\" data-element_type=\"widget\" data-widget_type=\"text-editor.default\">\n\t\t\t\t<div class=\"elementor-widget-container\">\n\t\t\t\t\t\t\t<p><strong>Marge de s\u00e9curit\u00e9 :<\/strong> Minimum de 3 mm  <\/p>\n\t\t\t\t\t\t<\/div>\n\t\t\t\t<\/div>\n\t\t\t\t<div class=\"elementor-element elementor-element-fb7e0be elementor-widget elementor-widget-text-editor\" data-id=\"fb7e0be\" data-element_type=\"widget\" data-widget_type=\"text-editor.default\">\n\t\t\t\t<div class=\"elementor-widget-container\">\n\t\t\t\t\t\t\t<p><strong>Zone de travail :<\/strong> Zone de s\u00e9curit\u00e9<\/p>\n\t\t\t\t\t\t<\/div>\n\t\t\t\t<\/div>\n\t\t\t\t<\/div>\n\t\t\t\t\t<\/div>\n\t\t\t\t<\/div>\n\t\t\t\t<div class=\"elementor-element elementor-element-5c5f7c2 elementor-widget elementor-widget-text-editor\" data-id=\"5c5f7c2\" data-element_type=\"widget\" data-widget_type=\"text-editor.default\">\n\t\t\t\t<div class=\"elementor-widget-container\">\n\t\t\t\t\t\t\t<p>Pour obtenir un produit fini de qualit\u00e9, il est conseill\u00e9 de nous envoyer votre fichier au format PDF avec des rep\u00e8res de coupe et des fonds perdus. C&#8217;est-\u00e0-dire la continuation de l&#8217;image ou de l&#8217;arri\u00e8re-plan au-del\u00e0 du mod\u00e8le, ce qui \u00e9vite les bords blancs disgracieux lorsque les documents sont coup\u00e9s \u00e0 la taille finale.<\/p>\n<p>Respectez un minimum de 2 (mm) pour le fond perdu et de 3 (mm) pour la marge, en particulier pour les cartes de visite, les brochures et les autres produits non reli\u00e9s. Une marge raisonnable permet d&#8217;\u00e9viter que le texte ne soit trop pr\u00e8s du bord ou qu&#8217;il ne soit coup\u00e9 lors de la finition. <\/p>\n\t\t\t\t\t\t<\/div>\n\t\t\t\t<\/div>\n\t\t\t\t<div class=\"elementor-element elementor-element-ad43f67 elementor-icon-list--layout-inline elementor-list-item-link-full_width elementor-widget elementor-widget-icon-list\" data-id=\"ad43f67\" data-element_type=\"widget\" data-widget_type=\"icon-list.default\">\n\t\t\t\t<div class=\"elementor-widget-container\">\n\t\t\t<link rel=\"stylesheet\" href=\"https:\/\/imatech-backup.artover.fr\/wp-content\/plugins\/elementor\/assets\/css\/widget-icon-list.min.css\">\t\t<ul class=\"elementor-icon-list-items elementor-inline-items\">\n\t\t\t\t\t\t\t<li class=\"elementor-icon-list-item elementor-inline-item\">\n\t\t\t\t\t\t\t\t\t\t\t<span class=\"elementor-icon-list-icon\">\n\t\t\t\t\t\t\t<i aria-hidden=\"true\" class=\"fas fa-file-download\"><\/i>\t\t\t\t\t\t<\/span>\n\t\t\t\t\t\t\t\t\t\t<span class=\"elementor-icon-list-text\">Vous devez nous envoyer le fichier imprimable au format PDF.<\/span>\n\t\t\t\t\t\t\t\t\t<\/li>\n\t\t\t\t\t\t<\/ul>\n\t\t\t\t<\/div>\n\t\t\t\t<\/div>\n\t\t\t\t<div class=\"elementor-element elementor-element-0ab3e22 elementor-widget elementor-widget-text-editor\" data-id=\"0ab3e22\" data-element_type=\"widget\" data-widget_type=\"text-editor.default\">\n\t\t\t\t<div class=\"elementor-widget-container\">\n\t\t\t\t\t\t\t<p><strong><br \/>\n  <span style=\"text-decoration: underline;\">Remarque<\/span><br \/>\n<\/strong> Si la taille du fichier PDF est sup\u00e9rieure \u00e0 30MB. Compresser le fichier au format ZIP avant de le t\u00e9l\u00e9charger.<\/p>\n\t\t\t\t\t\t<\/div>\n\t\t\t\t<\/div>\n\t\t\t\t\t<\/div>\n\t\t\t\t<\/div>\n\t\t\t\t<\/div>\n\t\t","protected":false},"excerpt":{"rendered":"<div class=\"flex flex-grow flex-col gap-3 max-w-full\">\n<div class=\"min-h-[20px] flex flex-col items-start gap-3 whitespace-pre-wrap break-words overflow-x-auto\">\n<div class=\"markdown prose w-full break-words dark:prose-invert light\">\n<p>Am\u00e9liorez votre espace avec nos solutions en vinyle givr\u00e9. Imatech apporte une touche d&#8217;\u00e9l\u00e9gance et d&#8217;intimit\u00e9 avec des designs personnalis\u00e9s en vinyle givr\u00e9 pour les fen\u00eatres, les cloisons vitr\u00e9es, etc. Transformez votre environnement avec une touche subtile et sophistiqu\u00e9e qui harmonise l&#8217;esth\u00e9tique et la fonctionnalit\u00e9.<\/p>\n<\/div>\n<\/div>\n<\/div>\n","protected":false},"featured_media":13848,"comment_status":"open","ping_status":"closed","template":"","meta":[],"product_cat":[79],"product_tag":[],"class_list":{"0":"post-13915","1":"product","2":"type-product","3":"status-publish","4":"has-post-thumbnail","6":"product_cat-impression-grand-format","8":"first","9":"instock","10":"taxable","11":"shipping-taxable","12":"purchasable","13":"product-type-simple"},"_links":{"self":[{"href":"https:\/\/imatech-backup.artover.fr\/fr\/wp-json\/wp\/v2\/product\/13915","targetHints":{"allow":["GET"]}}],"collection":[{"href":"https:\/\/imatech-backup.artover.fr\/fr\/wp-json\/wp\/v2\/product"}],"about":[{"href":"https:\/\/imatech-backup.artover.fr\/fr\/wp-json\/wp\/v2\/types\/product"}],"replies":[{"embeddable":true,"href":"https:\/\/imatech-backup.artover.fr\/fr\/wp-json\/wp\/v2\/comments?post=13915"}],"version-history":[{"count":1,"href":"https:\/\/imatech-backup.artover.fr\/fr\/wp-json\/wp\/v2\/product\/13915\/revisions"}],"predecessor-version":[{"id":13916,"href":"https:\/\/imatech-backup.artover.fr\/fr\/wp-json\/wp\/v2\/product\/13915\/revisions\/13916"}],"wp:featuredmedia":[{"embeddable":true,"href":"https:\/\/imatech-backup.artover.fr\/fr\/wp-json\/wp\/v2\/media\/13848"}],"wp:attachment":[{"href":"https:\/\/imatech-backup.artover.fr\/fr\/wp-json\/wp\/v2\/media?parent=13915"}],"wp:term":[{"taxonomy":"product_cat","embeddable":true,"href":"https:\/\/imatech-backup.artover.fr\/fr\/wp-json\/wp\/v2\/product_cat?post=13915"},{"taxonomy":"product_tag","embeddable":true,"href":"https:\/\/imatech-backup.artover.fr\/fr\/wp-json\/wp\/v2\/product_tag?post=13915"}],"curies":[{"name":"wp","href":"https:\/\/api.w.org\/{rel}","templated":true}]}}