{"id":13917,"date":"2023-10-23T15:31:13","date_gmt":"2023-10-23T15:31:13","guid":{"rendered":"https:\/\/imatech.artover.fr\/printing\/vinyle-micro-perfore\/"},"modified":"2023-11-29T15:17:49","modified_gmt":"2023-11-29T15:17:49","slug":"vinyle-micro-perfore","status":"publish","type":"product","link":"https:\/\/imatech-backup.artover.fr\/fr\/printing\/vinyle-micro-perfore\/","title":{"rendered":"Vinyle micro perfor\u00e9"},"content":{"rendered":"\t\t<div data-elementor-type=\"wp-post\" data-elementor-id=\"13917\" class=\"elementor elementor-13917 elementor-13216\">\n\t\t\t\t<div class=\"elementor-element elementor-element-098e4e0 e-flex e-con-boxed e-con e-parent\" data-id=\"098e4e0\" data-element_type=\"container\" data-core-v316-plus=\"true\">\n\t\t\t\t\t<div class=\"e-con-inner\">\n\t\t<div class=\"elementor-element elementor-element-a125b3a e-con-full e-flex e-con e-child\" data-id=\"a125b3a\" data-element_type=\"container\">\n\t\t\t\t<div class=\"elementor-element elementor-element-8f9aa9f elementor-widget elementor-widget-heading\" data-id=\"8f9aa9f\" data-element_type=\"widget\" data-widget_type=\"heading.default\">\n\t\t\t\t<div class=\"elementor-widget-container\">\n\t\t\t<style>\/*! elementor - v3.20.0 - 26-03-2024 *\/\n.elementor-heading-title{padding:0;margin:0;line-height:1}.elementor-widget-heading .elementor-heading-title[class*=elementor-size-]>a{color:inherit;font-size:inherit;line-height:inherit}.elementor-widget-heading .elementor-heading-title.elementor-size-small{font-size:15px}.elementor-widget-heading .elementor-heading-title.elementor-size-medium{font-size:19px}.elementor-widget-heading .elementor-heading-title.elementor-size-large{font-size:29px}.elementor-widget-heading .elementor-heading-title.elementor-size-xl{font-size:39px}.elementor-widget-heading .elementor-heading-title.elementor-size-xxl{font-size:59px}<\/style><h2 class=\"elementor-heading-title elementor-size-default\">Utilisez efficacement vos vitres gr\u00e2ce au vinyle microperfor\u00e9.<\/h2>\t\t<\/div>\n\t\t\t\t<\/div>\n\t\t\t\t<div class=\"elementor-element elementor-element-7d90a44 elementor-icon-list--layout-traditional elementor-list-item-link-full_width elementor-widget elementor-widget-icon-list\" data-id=\"7d90a44\" data-element_type=\"widget\" data-widget_type=\"icon-list.default\">\n\t\t\t\t<div class=\"elementor-widget-container\">\n\t\t\t<link rel=\"stylesheet\" href=\"https:\/\/imatech-backup.artover.fr\/wp-content\/plugins\/elementor\/assets\/css\/widget-icon-list.min.css\">\t\t<ul class=\"elementor-icon-list-items\">\n\t\t\t\t\t\t\t<li class=\"elementor-icon-list-item\">\n\t\t\t\t\t\t\t\t\t\t\t<span class=\"elementor-icon-list-icon\">\n\t\t\t\t\t\t\t<i aria-hidden=\"true\" class=\"fas fa-check\"><\/i>\t\t\t\t\t\t<\/span>\n\t\t\t\t\t\t\t\t\t\t<span class=\"elementor-icon-list-text\">Mat\u00e9riau vinyle microperfor\u00e9  <\/span>\n\t\t\t\t\t\t\t\t\t<\/li>\n\t\t\t\t\t\t\t\t<li class=\"elementor-icon-list-item\">\n\t\t\t\t\t\t\t\t\t\t\t<span class=\"elementor-icon-list-icon\">\n\t\t\t\t\t\t\t<i aria-hidden=\"true\" class=\"fas fa-check\"><\/i>\t\t\t\t\t\t<\/span>\n\t\t\t\t\t\t\t\t\t\t<span class=\"elementor-icon-list-text\">R\u00e9sistant \u00e0 l'eau et aux intemp\u00e9ries<\/span>\n\t\t\t\t\t\t\t\t\t<\/li>\n\t\t\t\t\t\t\t\t<li class=\"elementor-icon-list-item\">\n\t\t\t\t\t\t\t\t\t\t\t<span class=\"elementor-icon-list-icon\">\n\t\t\t\t\t\t\t<i aria-hidden=\"true\" class=\"fas fa-check\"><\/i>\t\t\t\t\t\t<\/span>\n\t\t\t\t\t\t\t\t\t\t<span class=\"elementor-icon-list-text\">Application facile<\/span>\n\t\t\t\t\t\t\t\t\t<\/li>\n\t\t\t\t\t\t<\/ul>\n\t\t\t\t<\/div>\n\t\t\t\t<\/div>\n\t\t\t\t<div class=\"elementor-element elementor-element-20cd33e elementor-widget elementor-widget-heading\" data-id=\"20cd33e\" data-element_type=\"widget\" data-widget_type=\"heading.default\">\n\t\t\t\t<div class=\"elementor-widget-container\">\n\t\t\t<h3 class=\"elementor-heading-title elementor-size-default\">Des vitres qui \u00e9tonnent<\/h3>\t\t<\/div>\n\t\t\t\t<\/div>\n\t\t\t\t<div class=\"elementor-element elementor-element-8f28a2c elementor-widget elementor-widget-text-editor\" data-id=\"8f28a2c\" data-element_type=\"widget\" data-widget_type=\"text-editor.default\">\n\t\t\t\t<div class=\"elementor-widget-container\">\n\t\t\t<style>\/*! elementor - v3.20.0 - 26-03-2024 *\/\n.elementor-widget-text-editor.elementor-drop-cap-view-stacked .elementor-drop-cap{background-color:#69727d;color:#fff}.elementor-widget-text-editor.elementor-drop-cap-view-framed .elementor-drop-cap{color:#69727d;border:3px solid;background-color:transparent}.elementor-widget-text-editor:not(.elementor-drop-cap-view-default) .elementor-drop-cap{margin-top:8px}.elementor-widget-text-editor:not(.elementor-drop-cap-view-default) .elementor-drop-cap-letter{width:1em;height:1em}.elementor-widget-text-editor .elementor-drop-cap{float:left;text-align:center;line-height:1;font-size:50px}.elementor-widget-text-editor .elementor-drop-cap-letter{display:inline-block}<\/style>\t\t\t\t<p>Si vous travaillez dans un magasin ou un bureau dot\u00e9 de grandes fen\u00eatres ou de murs en verre, optimisez cet espace pr\u00e9cieux en utilisant des autocollants perfor\u00e9s pour fen\u00eatres. Une signal\u00e9tique en vinyle attrayante peut attirer les pi\u00e9tons, en pr\u00e9sentant les promotions en magasin, les \u00e9v\u00e9nements sp\u00e9ciaux et les heures d&#8217;ouverture, ce qui rend le l\u00e8che-vitrine plus agr\u00e9able.  <\/p>\n\t\t\t\t\t\t<\/div>\n\t\t\t\t<\/div>\n\t\t\t\t<\/div>\n\t\t<div class=\"elementor-element elementor-element-f5a0ea2 e-con-full e-flex e-con e-child\" data-id=\"f5a0ea2\" data-element_type=\"container\">\n\t\t\t\t<div class=\"elementor-element elementor-element-cba751b elementor-widget elementor-widget-image\" data-id=\"cba751b\" data-element_type=\"widget\" data-widget_type=\"image.default\">\n\t\t\t\t<div class=\"elementor-widget-container\">\n\t\t\t<style>\/*! elementor - v3.20.0 - 26-03-2024 *\/\n.elementor-widget-image{text-align:center}.elementor-widget-image a{display:inline-block}.elementor-widget-image a img[src$=\".svg\"]{width:48px}.elementor-widget-image img{vertical-align:middle;display:inline-block}<\/style>\t\t\t\t\t\t\t\t\t\t<img fetchpriority=\"high\" decoding=\"async\" width=\"1000\" height=\"681\" src=\"https:\/\/imatech-backup.artover.fr\/wp-content\/uploads\/2023\/10\/micro-perforated-window-printing-mauritius.jpg\" class=\"attachment-large size-large wp-image-13543\" alt=\"\" srcset=\"https:\/\/imatech-backup.artover.fr\/wp-content\/uploads\/2023\/10\/micro-perforated-window-printing-mauritius.jpg 1000w, https:\/\/imatech-backup.artover.fr\/wp-content\/uploads\/2023\/10\/micro-perforated-window-printing-mauritius-300x204.jpg 300w, https:\/\/imatech-backup.artover.fr\/wp-content\/uploads\/2023\/10\/micro-perforated-window-printing-mauritius-768x523.jpg 768w, https:\/\/imatech-backup.artover.fr\/wp-content\/uploads\/2023\/10\/micro-perforated-window-printing-mauritius-600x409.jpg 600w\" sizes=\"(max-width: 1000px) 100vw, 1000px\" \/>\t\t\t\t\t\t\t\t\t\t\t\t\t<\/div>\n\t\t\t\t<\/div>\n\t\t\t\t<\/div>\n\t\t\t\t\t<\/div>\n\t\t\t\t<\/div>\n\t\t<div class=\"elementor-element elementor-element-2944719 e-con-full e-flex e-con e-parent\" data-id=\"2944719\" data-element_type=\"container\" data-core-v316-plus=\"true\">\n\t\t\t\t<div class=\"elementor-element elementor-element-c80f8bd elementor-widget elementor-widget-heading\" data-id=\"c80f8bd\" data-element_type=\"widget\" data-widget_type=\"heading.default\">\n\t\t\t\t<div class=\"elementor-widget-container\">\n\t\t\t<h2 class=\"elementor-heading-title elementor-size-default\">Sp\u00e9cifications et mod\u00e8les de produits<\/h2>\t\t<\/div>\n\t\t\t\t<\/div>\n\t\t<div class=\"elementor-element elementor-element-bbdbce1 e-flex e-con-boxed e-con e-child\" data-id=\"bbdbce1\" data-element_type=\"container\">\n\t\t\t\t\t<div class=\"e-con-inner\">\n\t\t<div class=\"elementor-element elementor-element-16f22e5 e-con-full e-flex e-con e-child\" data-id=\"16f22e5\" data-element_type=\"container\">\n\t\t\t\t<div class=\"elementor-element elementor-element-5cf72ac elementor-widget elementor-widget-image\" data-id=\"5cf72ac\" data-element_type=\"widget\" data-widget_type=\"image.default\">\n\t\t\t\t<div class=\"elementor-widget-container\">\n\t\t\t\t\t\t\t\t\t\t\t\t\t<img decoding=\"async\" width=\"1024\" height=\"698\" src=\"https:\/\/imatech-backup.artover.fr\/wp-content\/uploads\/2022\/10\/bcard-spec-1024x698.jpg\" class=\"attachment-large size-large wp-image-13435\" alt=\"\" srcset=\"https:\/\/imatech-backup.artover.fr\/wp-content\/uploads\/2022\/10\/bcard-spec-1024x698.jpg 1024w, https:\/\/imatech-backup.artover.fr\/wp-content\/uploads\/2022\/10\/bcard-spec-300x204.jpg 300w, https:\/\/imatech-backup.artover.fr\/wp-content\/uploads\/2022\/10\/bcard-spec-768x523.jpg 768w, https:\/\/imatech-backup.artover.fr\/wp-content\/uploads\/2022\/10\/bcard-spec-600x409.jpg 600w, https:\/\/imatech-backup.artover.fr\/wp-content\/uploads\/2022\/10\/bcard-spec.jpg 1300w\" sizes=\"(max-width: 1024px) 100vw, 1024px\" \/>\t\t\t\t\t\t\t\t\t\t\t\t\t<\/div>\n\t\t\t\t<\/div>\n\t\t\t\t<\/div>\n\t\t<div class=\"elementor-element elementor-element-181bfc1 e-con-full e-flex e-con e-child\" data-id=\"181bfc1\" data-element_type=\"container\">\n\t\t\t\t<div class=\"elementor-element elementor-element-235e6c3 elementor-widget elementor-widget-text-editor\" data-id=\"235e6c3\" data-element_type=\"widget\" data-widget_type=\"text-editor.default\">\n\t\t\t\t<div class=\"elementor-widget-container\">\n\t\t\t\t\t\t\t<p><strong>Fond perdu :<\/strong> 2 mm<\/p>\n\t\t\t\t\t\t<\/div>\n\t\t\t\t<\/div>\n\t\t\t\t<div class=\"elementor-element elementor-element-b982e1a elementor-widget elementor-widget-text-editor\" data-id=\"b982e1a\" data-element_type=\"widget\" data-widget_type=\"text-editor.default\">\n\t\t\t\t<div class=\"elementor-widget-container\">\n\t\t\t\t\t\t\t<p><strong>Ligne de coupe :<\/strong> Produit fini<\/p>\n\t\t\t\t\t\t<\/div>\n\t\t\t\t<\/div>\n\t\t\t\t<div class=\"elementor-element elementor-element-0fb083b elementor-widget elementor-widget-text-editor\" data-id=\"0fb083b\" data-element_type=\"widget\" data-widget_type=\"text-editor.default\">\n\t\t\t\t<div class=\"elementor-widget-container\">\n\t\t\t\t\t\t\t<p><strong>Marge de s\u00e9curit\u00e9 :<\/strong> Minimum de 3 mm  <\/p>\n\t\t\t\t\t\t<\/div>\n\t\t\t\t<\/div>\n\t\t\t\t<div class=\"elementor-element elementor-element-63fb346 elementor-widget elementor-widget-text-editor\" data-id=\"63fb346\" data-element_type=\"widget\" data-widget_type=\"text-editor.default\">\n\t\t\t\t<div class=\"elementor-widget-container\">\n\t\t\t\t\t\t\t<p><strong>Zone de travail :<\/strong> Zone de s\u00e9curit\u00e9<\/p>\n\t\t\t\t\t\t<\/div>\n\t\t\t\t<\/div>\n\t\t\t\t<\/div>\n\t\t\t\t\t<\/div>\n\t\t\t\t<\/div>\n\t\t\t\t<\/div>\n\t\t<div class=\"elementor-element elementor-element-bf18f72 e-flex e-con-boxed e-con e-parent\" data-id=\"bf18f72\" data-element_type=\"container\" data-core-v316-plus=\"true\">\n\t\t\t\t\t<div class=\"e-con-inner\">\n\t\t\t\t<div class=\"elementor-element elementor-element-5c5f7c2 elementor-widget elementor-widget-text-editor\" data-id=\"5c5f7c2\" data-element_type=\"widget\" data-widget_type=\"text-editor.default\">\n\t\t\t\t<div class=\"elementor-widget-container\">\n\t\t\t\t\t\t\t<p>Pour obtenir un produit fini de qualit\u00e9, il est conseill\u00e9 de nous envoyer votre fichier au format PDF avec des rep\u00e8res de coupe et des fonds perdus. C&#8217;est-\u00e0-dire la continuation de l&#8217;image ou de l&#8217;arri\u00e8re-plan au-del\u00e0 du mod\u00e8le, ce qui \u00e9vite les bords blancs disgracieux lorsque les documents sont coup\u00e9s \u00e0 la taille finale.<\/p>\n<p>Respectez un minimum de 2 (mm) pour le fond perdu et de 3 (mm) pour la marge, en particulier pour les cartes de visite, les brochures et les autres produits non reli\u00e9s. Une marge raisonnable permet d&#8217;\u00e9viter que le texte ne soit trop pr\u00e8s du bord ou qu&#8217;il ne soit coup\u00e9 lors de la finition. <\/p>\n\t\t\t\t\t\t<\/div>\n\t\t\t\t<\/div>\n\t\t\t\t<div class=\"elementor-element elementor-element-877fa82 elementor-icon-list--layout-inline elementor-list-item-link-full_width elementor-widget elementor-widget-icon-list\" data-id=\"877fa82\" data-element_type=\"widget\" data-widget_type=\"icon-list.default\">\n\t\t\t\t<div class=\"elementor-widget-container\">\n\t\t\t\t\t<ul class=\"elementor-icon-list-items elementor-inline-items\">\n\t\t\t\t\t\t\t<li class=\"elementor-icon-list-item elementor-inline-item\">\n\t\t\t\t\t\t\t\t\t\t\t<span class=\"elementor-icon-list-icon\">\n\t\t\t\t\t\t\t<i aria-hidden=\"true\" class=\"fas fa-file-download\"><\/i>\t\t\t\t\t\t<\/span>\n\t\t\t\t\t\t\t\t\t\t<span class=\"elementor-icon-list-text\">Vous devez nous envoyer le fichier imprimable au format PDF.<\/span>\n\t\t\t\t\t\t\t\t\t<\/li>\n\t\t\t\t\t\t<\/ul>\n\t\t\t\t<\/div>\n\t\t\t\t<\/div>\n\t\t\t\t<div class=\"elementor-element elementor-element-b5494b7 elementor-widget elementor-widget-text-editor\" data-id=\"b5494b7\" data-element_type=\"widget\" data-widget_type=\"text-editor.default\">\n\t\t\t\t<div class=\"elementor-widget-container\">\n\t\t\t\t\t\t\t<p><strong><br \/>\n  <span style=\"text-decoration: underline;\">Remarque<\/span><br \/>\n<\/strong> Si la taille du fichier PDF est sup\u00e9rieure \u00e0 30MB. Compresser le fichier au format ZIP avant de le t\u00e9l\u00e9charger.<\/p>\n\t\t\t\t\t\t<\/div>\n\t\t\t\t<\/div>\n\t\t\t\t\t<\/div>\n\t\t\t\t<\/div>\n\t\t\t\t<\/div>\n\t\t","protected":false},"excerpt":{"rendered":"<p>Transformez vos vitres en atouts marketing gr\u00e2ce \u00e0 des autocollants perfor\u00e9s accrocheurs.<\/p>\n","protected":false},"featured_media":13850,"comment_status":"open","ping_status":"closed","template":"","meta":[],"product_cat":[79],"product_tag":[],"class_list":{"0":"post-13917","1":"product","2":"type-product","3":"status-publish","4":"has-post-thumbnail","6":"product_cat-impression-grand-format","8":"first","9":"instock","10":"taxable","11":"shipping-taxable","12":"purchasable","13":"product-type-simple"},"_links":{"self":[{"href":"https:\/\/imatech-backup.artover.fr\/fr\/wp-json\/wp\/v2\/product\/13917","targetHints":{"allow":["GET"]}}],"collection":[{"href":"https:\/\/imatech-backup.artover.fr\/fr\/wp-json\/wp\/v2\/product"}],"about":[{"href":"https:\/\/imatech-backup.artover.fr\/fr\/wp-json\/wp\/v2\/types\/product"}],"replies":[{"embeddable":true,"href":"https:\/\/imatech-backup.artover.fr\/fr\/wp-json\/wp\/v2\/comments?post=13917"}],"version-history":[{"count":1,"href":"https:\/\/imatech-backup.artover.fr\/fr\/wp-json\/wp\/v2\/product\/13917\/revisions"}],"predecessor-version":[{"id":13918,"href":"https:\/\/imatech-backup.artover.fr\/fr\/wp-json\/wp\/v2\/product\/13917\/revisions\/13918"}],"wp:featuredmedia":[{"embeddable":true,"href":"https:\/\/imatech-backup.artover.fr\/fr\/wp-json\/wp\/v2\/media\/13850"}],"wp:attachment":[{"href":"https:\/\/imatech-backup.artover.fr\/fr\/wp-json\/wp\/v2\/media?parent=13917"}],"wp:term":[{"taxonomy":"product_cat","embeddable":true,"href":"https:\/\/imatech-backup.artover.fr\/fr\/wp-json\/wp\/v2\/product_cat?post=13917"},{"taxonomy":"product_tag","embeddable":true,"href":"https:\/\/imatech-backup.artover.fr\/fr\/wp-json\/wp\/v2\/product_tag?post=13917"}],"curies":[{"name":"wp","href":"https:\/\/api.w.org\/{rel}","templated":true}]}}